{"id":1731,"date":"2020-01-21T13:56:32","date_gmt":"2020-01-21T12:56:32","guid":{"rendered":"http:\/\/kopphuette.at.w01a26f7.kasserver.com\/preise-verfuegbarkeit\/"},"modified":"2025-08-21T17:39:32","modified_gmt":"2025-08-21T15:39:32","slug":"prices-availability","status":"publish","type":"page","link":"https:\/\/www.kopphuette.at\/en\/prices-availability\/","title":{"rendered":"Prices &#038; Availability"},"content":{"rendered":"\r\n<div class=\"vce-row-container\">\r\n<div id=\"el-f7de607d\" class=\"vce-row vce-row--col-gap-30 vce-row-columns--top vce-row-content--top\" data-vce-do-apply=\"all el-f7de607d\">\r\n<div class=\"vce-row-content\" data-vce-element-content=\"true\">\r\n<div id=\"el-60f7522d\" class=\"vce-col vce-col--md-auto vce-col--xs-1 vce-col--xs-last vce-col--xs-first vce-col--sm-last vce-col--sm-first vce-col--md-last vce-col--lg-last vce-col--xl-last vce-col--md-first vce-col--lg-first vce-col--xl-first\">\r\n<div class=\"vce-col-inner\" data-vce-do-apply=\"border margin background  el-60f7522d\">\r\n<div class=\"vce-col-content\" data-vce-element-content=\"true\" data-vce-do-apply=\"padding el-60f7522d\">\r\n<div class=\"vce-text-block\">\r\n<div id=\"el-f77e8082\" class=\"vce-text-block-wrapper vce\" data-vce-do-apply=\"all el-f77e8082\">\r\n<h1 style=\"text-align: center;\">Prices &amp; availability<\/h1>\r\n<h2 style=\"text-align: center;\">Alpengasthof &amp; Hotel in M\u00fchlbach am Hochk\u00f6nig<\/h2>\r\n<\/div>\r\n<\/div>\r\n<\/div>\r\n<\/div>\r\n<\/div>\r\n<\/div>\r\n<\/div>\r\n<\/div>\r\n<div class=\"vce-row-container\">\r\n<div id=\"el-6679ecf5\" class=\"vce-row vce-row--col-gap-30 vce-row-columns--top vce-row-content--top\" data-vce-do-apply=\"all el-6679ecf5\">\r\n<div class=\"vce-row-content\" data-vce-element-content=\"true\">\r\n<div id=\"el-ecf3a1c4\" class=\"vce-col vce-col--md-auto vce-col--xs-1 vce-col--xs-last vce-col--xs-first vce-col--sm-last vce-col--sm-first vce-col--md-last vce-col--lg-last vce-col--xl-last vce-col--md-first vce-col--lg-first vce-col--xl-first\">\r\n<div class=\"vce-col-inner\" data-vce-do-apply=\"border margin background  el-ecf3a1c4\">\r\n<div class=\"vce-col-content\" data-vce-element-content=\"true\" data-vce-do-apply=\"padding el-ecf3a1c4\">\r\n<div class=\"vce-text-block schmal\">\r\n<div id=\"el-7949316b\" class=\"vce-text-block-wrapper vce\" data-vce-do-apply=\"all el-7949316b\">\r\n<h3>Winter &amp; summer prices<\/h3>\r\n<\/div>\r\n<\/div>\r\n<div class=\"vce-raw-html\">\r\n<div id=\"el-e2e82c89\" class=\"vce-raw-html-wrapper\" data-vce-do-apply=\"all el-e2e82c89\">\r\n<div id=\"pricesFrame\">\u00a0<\/div>\r\n<script type=\"text\/javascript\" src=\"\/\/www.easy-booking.at\/ebPlugins\/prices\/jquery.easybooking.pricelist.v2.js\"><\/script> <script type=\"text\/javascript\">\r\nfunction ebPricesLoadedCheck() {\r\n    if(typeof jQuery != \"undefined\") {\r\n        if(jQuery.fn.ebPricelist) {\r\n            jQuery(\"#pricesFrame\").ebPricelist({\r\n                customerId: 4386,\r\n                serialNo: \"4170-6784-1407\",\r\n                localeId: 1,\r\n                loadCSS : true,\r\n                arrivalDate : \"\",\r\n                category : \"all\",\r\n                showAvailability: true,\r\n                enquiryPage : \"popup\",\r\n                bookingPage : \"popup\"\r\n            });\r\n        } else{setTimeout(ebPricesLoadedCheck,200);}\r\n    }else{setTimeout(ebPricesLoadedCheck,200);}\r\n}\r\nebPricesLoadedCheck();\r\n<\/script><\/div>\r\n<\/div>\r\n<\/div>\r\n<\/div>\r\n<\/div>\r\n<\/div>\r\n<\/div>\r\n<\/div>\r\n<div class=\"vce-row-container\">\r\n<div id=\"el-a1866a70\" class=\"vce-row vce-row--col-gap-30 vce-row-columns--top vce-row-content--top\" data-vce-do-apply=\"all el-a1866a70\">\r\n<div class=\"vce-row-content\" data-vce-element-content=\"true\">\r\n<div id=\"el-b42fa679\" class=\"vce-col vce-col--md-auto vce-col--xs-1 vce-col--xs-last vce-col--xs-first vce-col--sm-last vce-col--sm-first vce-col--md-last vce-col--lg-last vce-col--xl-last vce-col--md-first vce-col--lg-first vce-col--xl-first\">\r\n<div class=\"vce-col-inner\" data-vce-do-apply=\"border margin background  el-b42fa679\">\r\n<div class=\"vce-col-content\" data-vce-element-content=\"true\" data-vce-do-apply=\"padding el-b42fa679\">\r\n<div class=\"vce-text-block\">\r\n<div id=\"el-8e1ee691\" class=\"vce-text-block-wrapper vce\" data-vce-do-apply=\"all el-8e1ee691\">\r\n<h3>Room availability<\/h3>\r\n<\/div>\r\n<\/div>\r\n<div class=\"vce-text-block\">\r\n<div id=\"el-bd732850\" class=\"vce-text-block-wrapper vce\" data-vce-do-apply=\"all el-bd732850\">\r\n<p>Is your selected room unavailable at a certain date? \u2013 Send us your enquiry anyway, we might still be able to offer you your desired room for your desired dates.<\/p>\r\n<\/div>\r\n<\/div>\r\n<div class=\"vce-raw-html\">\r\n<div id=\"el-41bcfac7\" class=\"vce-raw-html-wrapper\" data-vce-do-apply=\"all el-41bcfac7\">\r\n<div id=\"ebAvailability\">\u00a0<\/div>\r\n<script type=\"text\/javascript\" src=\"\/\/www.easy-booking.at\/ebPlugins\/availability\/jquery.easybooking.availability.js\"><\/script> <script type=\"text\/javascript\">\r\nfunction ebAvailabilityLoadedCheck() {\r\n    if (typeof jQuery !== \"undefined\") {\r\n        if (jQuery.fn.ebAvailabilityCalendar) {\r\n            jQuery(\"#ebAvailability\").ebAvailabilityCalendar({\r\n                customerId: 4386,\r\n                serialNo: \"4170-6784-1407\",\r\n                localeId: 1,\r\n                categories: \"all\",\r\n                startDate: \"default\",\r\n                showForm: true\r\n            });\r\n        } else{setTimeout(ebAvailabilityLoadedCheck, 200);}\r\n    } else{setTimeout(ebAvailabilityLoadedCheck, 200);}\r\n}\r\nebAvailabilityLoadedCheck();\r\n<\/script><\/div>\r\n<\/div>\r\n<\/div>\r\n<\/div>\r\n<\/div>\r\n<\/div>\r\n<\/div>\r\n<\/div>\r\n\n","protected":false},"excerpt":{"rendered":"<p>Prices &amp; availability Alpengasthof &amp; Hotel in M\u00fchlbach am Hochk\u00f6nig Winter &amp; summer prices \u00a0 Room availability Is your selected room unavailable at a certain date? \u2013 Send us your enquiry anyway, we might still be able to offer you your desired room for your desired dates. \u00a0<\/p>\n","protected":false},"author":1,"featured_media":0,"parent":0,"menu_order":6,"comment_status":"closed","ping_status":"closed","template":"page-noheader.php","meta":{"_acf_changed":false,"footnotes":""},"class_list":["post-1731","page","type-page","status-publish","hentry"],"acf":[],"yoast_head":"<!-- This site is optimized with the Yoast SEO plugin v27.0 - https:\/\/yoast.com\/product\/yoast-seo-wordpress\/ -->\n<title>Prices &amp; availability - Rooms in M\u00fchlbach am Hochk\u00f6nig, Salzburg<\/title>\n<meta name=\"description\" content=\"Here you&#039;ll find the prices for our cosy rooms sleeping 1-4 persons at our Alpengasthof &amp; Hotel Kopph\u00fctte - check availability too.\" \/>\n<meta name=\"robots\" content=\"index, follow, max-snippet:-1, max-image-preview:large, max-video-preview:-1\" \/>\n<link rel=\"canonical\" href=\"https:\/\/www.kopphuette.at\/en\/prices-availability\/\" \/>\n<meta property=\"og:locale\" content=\"en_US\" \/>\n<meta property=\"og:type\" content=\"article\" \/>\n<meta property=\"og:title\" content=\"Prices &amp; availability - Rooms in M\u00fchlbach am Hochk\u00f6nig, Salzburg\" \/>\n<meta property=\"og:description\" content=\"Here you&#039;ll find the prices for our cosy rooms sleeping 1-4 persons at our Alpengasthof &amp; Hotel Kopph\u00fctte - check availability too.\" \/>\n<meta property=\"og:url\" content=\"https:\/\/www.kopphuette.at\/en\/prices-availability\/\" \/>\n<meta property=\"og:site_name\" content=\"Alpengasthof &amp; Hotel Kopph\u00fctte\" \/>\n<meta property=\"article:modified_time\" content=\"2025-08-21T15:39:32+00:00\" \/>\n<meta property=\"og:image\" content=\"https:\/\/www.kopphuette.at\/wp-content\/uploads\/alpengasthof-hotel-muehlbach-hochkoenig-kopphuette-1.jpg\" \/>\n\t<meta property=\"og:image:width\" content=\"1920\" \/>\n\t<meta property=\"og:image:height\" content=\"1250\" \/>\n\t<meta property=\"og:image:type\" content=\"image\/jpeg\" \/>\n<meta name=\"twitter:card\" content=\"summary_large_image\" \/>\n<meta name=\"twitter:label1\" content=\"Est. reading time\" \/>\n\t<meta name=\"twitter:data1\" content=\"1 minute\" \/>\n<script type=\"application\/ld+json\" class=\"yoast-schema-graph\">{\"@context\":\"https:\/\/schema.org\",\"@graph\":[{\"@type\":\"WebPage\",\"@id\":\"https:\/\/www.kopphuette.at\/en\/prices-availability\/\",\"url\":\"https:\/\/www.kopphuette.at\/en\/prices-availability\/\",\"name\":\"Prices & availability - Rooms in M\u00fchlbach am Hochk\u00f6nig, Salzburg\",\"isPartOf\":{\"@id\":\"https:\/\/www.kopphuette.at\/en\/#website\"},\"datePublished\":\"2020-01-21T12:56:32+00:00\",\"dateModified\":\"2025-08-21T15:39:32+00:00\",\"description\":\"Here you'll find the prices for our cosy rooms sleeping 1-4 persons at our Alpengasthof & Hotel Kopph\u00fctte - check availability too.\",\"breadcrumb\":{\"@id\":\"https:\/\/www.kopphuette.at\/en\/prices-availability\/#breadcrumb\"},\"inLanguage\":\"en-US\",\"potentialAction\":[{\"@type\":\"ReadAction\",\"target\":[\"https:\/\/www.kopphuette.at\/en\/prices-availability\/\"]}]},{\"@type\":\"BreadcrumbList\",\"@id\":\"https:\/\/www.kopphuette.at\/en\/prices-availability\/#breadcrumb\",\"itemListElement\":[{\"@type\":\"ListItem\",\"position\":1,\"name\":\"Startseite\",\"item\":\"https:\/\/www.kopphuette.at\/en\/\"},{\"@type\":\"ListItem\",\"position\":2,\"name\":\"Prices &#038; Availability\"}]},{\"@type\":\"WebSite\",\"@id\":\"https:\/\/www.kopphuette.at\/en\/#website\",\"url\":\"https:\/\/www.kopphuette.at\/en\/\",\"name\":\"Alpengasthof &amp; Hotel Kopph\u00fctte\",\"description\":\"Zimmer in M\u00fchlbach am Hochk\u00f6nig\",\"potentialAction\":[{\"@type\":\"SearchAction\",\"target\":{\"@type\":\"EntryPoint\",\"urlTemplate\":\"https:\/\/www.kopphuette.at\/en\/?s={search_term_string}\"},\"query-input\":{\"@type\":\"PropertyValueSpecification\",\"valueRequired\":true,\"valueName\":\"search_term_string\"}}],\"inLanguage\":\"en-US\"}]}<\/script>\n<!-- \/ Yoast SEO plugin. -->","yoast_head_json":{"title":"Prices & availability - Rooms in M\u00fchlbach am Hochk\u00f6nig, Salzburg","description":"Here you'll find the prices for our cosy rooms sleeping 1-4 persons at our Alpengasthof & Hotel Kopph\u00fctte - check availability too.","robots":{"index":"index","follow":"follow","max-snippet":"max-snippet:-1","max-image-preview":"max-image-preview:large","max-video-preview":"max-video-preview:-1"},"canonical":"https:\/\/www.kopphuette.at\/en\/prices-availability\/","og_locale":"en_US","og_type":"article","og_title":"Prices & availability - Rooms in M\u00fchlbach am Hochk\u00f6nig, Salzburg","og_description":"Here you'll find the prices for our cosy rooms sleeping 1-4 persons at our Alpengasthof & Hotel Kopph\u00fctte - check availability too.","og_url":"https:\/\/www.kopphuette.at\/en\/prices-availability\/","og_site_name":"Alpengasthof &amp; Hotel Kopph\u00fctte","article_modified_time":"2025-08-21T15:39:32+00:00","og_image":[{"width":1920,"height":1250,"url":"https:\/\/www.kopphuette.at\/wp-content\/uploads\/alpengasthof-hotel-muehlbach-hochkoenig-kopphuette-1.jpg","type":"image\/jpeg"}],"twitter_card":"summary_large_image","twitter_misc":{"Est. reading time":"1 minute"},"schema":{"@context":"https:\/\/schema.org","@graph":[{"@type":"WebPage","@id":"https:\/\/www.kopphuette.at\/en\/prices-availability\/","url":"https:\/\/www.kopphuette.at\/en\/prices-availability\/","name":"Prices & availability - Rooms in M\u00fchlbach am Hochk\u00f6nig, Salzburg","isPartOf":{"@id":"https:\/\/www.kopphuette.at\/en\/#website"},"datePublished":"2020-01-21T12:56:32+00:00","dateModified":"2025-08-21T15:39:32+00:00","description":"Here you'll find the prices for our cosy rooms sleeping 1-4 persons at our Alpengasthof & Hotel Kopph\u00fctte - check availability too.","breadcrumb":{"@id":"https:\/\/www.kopphuette.at\/en\/prices-availability\/#breadcrumb"},"inLanguage":"en-US","potentialAction":[{"@type":"ReadAction","target":["https:\/\/www.kopphuette.at\/en\/prices-availability\/"]}]},{"@type":"BreadcrumbList","@id":"https:\/\/www.kopphuette.at\/en\/prices-availability\/#breadcrumb","itemListElement":[{"@type":"ListItem","position":1,"name":"Startseite","item":"https:\/\/www.kopphuette.at\/en\/"},{"@type":"ListItem","position":2,"name":"Prices &#038; Availability"}]},{"@type":"WebSite","@id":"https:\/\/www.kopphuette.at\/en\/#website","url":"https:\/\/www.kopphuette.at\/en\/","name":"Alpengasthof &amp; Hotel Kopph\u00fctte","description":"Zimmer in M\u00fchlbach am Hochk\u00f6nig","potentialAction":[{"@type":"SearchAction","target":{"@type":"EntryPoint","urlTemplate":"https:\/\/www.kopphuette.at\/en\/?s={search_term_string}"},"query-input":{"@type":"PropertyValueSpecification","valueRequired":true,"valueName":"search_term_string"}}],"inLanguage":"en-US"}]}},"_links":{"self":[{"href":"https:\/\/www.kopphuette.at\/en\/wp-json\/wp\/v2\/pages\/1731","targetHints":{"allow":["GET"]}}],"collection":[{"href":"https:\/\/www.kopphuette.at\/en\/wp-json\/wp\/v2\/pages"}],"about":[{"href":"https:\/\/www.kopphuette.at\/en\/wp-json\/wp\/v2\/types\/page"}],"author":[{"embeddable":true,"href":"https:\/\/www.kopphuette.at\/en\/wp-json\/wp\/v2\/users\/1"}],"replies":[{"embeddable":true,"href":"https:\/\/www.kopphuette.at\/en\/wp-json\/wp\/v2\/comments?post=1731"}],"version-history":[{"count":0,"href":"https:\/\/www.kopphuette.at\/en\/wp-json\/wp\/v2\/pages\/1731\/revisions"}],"wp:attachment":[{"href":"https:\/\/www.kopphuette.at\/en\/wp-json\/wp\/v2\/media?parent=1731"}],"curies":[{"name":"wp","href":"https:\/\/api.w.org\/{rel}","templated":true}]}}