{"id":1734,"date":"2020-01-15T17:05:06","date_gmt":"2020-01-15T16:05:06","guid":{"rendered":"http:\/\/kopphuette.at.w01a26f7.kasserver.com\/hotelbewertungen\/"},"modified":"2024-12-03T18:01:08","modified_gmt":"2024-12-03T17:01:08","slug":"hotel-reviews","status":"publish","type":"page","link":"https:\/\/www.kopphuette.at\/en\/hotel-reviews\/","title":{"rendered":"Hotel Reviews"},"content":{"rendered":"<div class=\"vce-row-container\" data-vce-boxed-width=\"true\"><div class=\"vce-row vce-row--col-gap-30 schmal vce-row-content--top\" id=\"el-99206bce\" data-vce-do-apply=\"all el-99206bce\"><div class=\"vce-row-content\" data-vce-element-content=\"true\"><div class=\"vce-col vce-col--md-auto vce-col--xs-1 vce-col--xs-last vce-col--xs-first vce-col--sm-last vce-col--sm-first vce-col--md-last vce-col--lg-last vce-col--xl-last vce-col--md-first vce-col--lg-first vce-col--xl-first\" id=\"el-235b3549\"><div class=\"vce-col-inner\" data-vce-do-apply=\"border margin background  el-235b3549\"><div class=\"vce-col-content\" data-vce-element-content=\"true\" data-vce-do-apply=\"padding el-235b3549\"><div class=\"vce-text-block\"><div class=\"vce-text-block-wrapper vce\" id=\"el-997d0e2a\" data-vce-do-apply=\"all el-997d0e2a\"><h1 style=\"text-align: center;\">Hotel reviews<\/h1>\n<h2 style=\"text-align: center;\">A sincere thank you for your feedback<\/h2><\/div><\/div><\/div><\/div><\/div><\/div><\/div><\/div><div class=\"vce-row-container\" data-vce-boxed-width=\"true\"><div class=\"vce-row vce-row--col-gap-30 schmal vce-row-content--top\" id=\"el-9064d5ac\" data-vce-do-apply=\"all el-9064d5ac\"><div class=\"vce-row-content\" data-vce-element-content=\"true\"><div class=\"vce-col vce-col--md-auto vce-col--xs-1 vce-col--xs-last vce-col--xs-first vce-col--sm-last vce-col--sm-first vce-col--md-last vce-col--lg-last vce-col--xl-last vce-col--md-first vce-col--lg-first vce-col--xl-first\" id=\"el-f208edfd\"><div class=\"vce-col-inner\" data-vce-do-apply=\"border margin background  el-f208edfd\"><div class=\"vce-col-content\" data-vce-element-content=\"true\" data-vce-do-apply=\"padding el-f208edfd\"><div class=\"vce-raw-html\"><div class=\"vce-raw-html-wrapper\" id=\"el-329ab3b6\" data-vce-do-apply=\"all el-329ab3b6\"><script defer=\"\" async=\"\" src=\"https:\/\/cdn.trustindex.io\/loader.js?270bc47389df0682ba46a309abf\"><\/script><\/div><\/div><\/div><\/div><\/div><\/div><\/div><\/div><div class=\"vce-row-container\" data-vce-boxed-width=\"true\"><div class=\"vce-row vce-row--col-gap-30 schmal vce-row-content--top\" id=\"el-f66f5521\" data-vce-do-apply=\"all el-f66f5521\"><div class=\"vce-row-content\" data-vce-element-content=\"true\"><div class=\"vce-col vce-col--md-25p vce-col--xs-1 vce-col--xs-last vce-col--xs-first vce-col--sm-last vce-col--sm-first vce-col--md-first vce-col--lg-first vce-col--xl-first\" id=\"el-90eafa11\"><div class=\"vce-col-inner\" data-vce-do-apply=\"border margin background  el-90eafa11\"><div class=\"vce-content-background-container\"><\/div><div class=\"vce-col-content\" data-vce-element-content=\"true\" data-vce-do-apply=\"padding el-90eafa11\"><div class=\"vce-raw-html\"><div class=\"vce-raw-html-wrapper\" id=\"el-3030078d\" data-vce-do-apply=\"all el-3030078d\"><script src=\"https:\/\/www.holidaycheck.de\/widgets?step=code&amp;type=code&amp;options=hotel-1-204926-de_DE-s-w-1-1---0\" type=\"text\/javascript\"><\/script><div id=\"holidaycheck-widget-hotel-1-204926-de_DE-s-w-1-1---0\"><div id=\"holidaycheck_widget_placeholder-204926\" style=\"width:120px;padding:5px;background:#0058a2;\"><a href=\"https:\/\/www.holidaycheck.de\/hi\/alpengasthof-hotel-kopphuette\/bc63767e-d00e-334c-9eb4-74fab5d2b136\"><img decoding=\"async\" alt=\"Hotels mit Hotelbewertungen bei HolidayCheck\" src=\"https:\/\/www.holidaycheck.de\/\/widgets\/logo_xlarge.png\" border=\"0\"><\/a><\/div><\/div><\/div><\/div><\/div><\/div><\/div><div class=\"vce-col vce-col--md-75p vce-col--xs-1 vce-col--xs-last vce-col--xs-first vce-col--sm-last vce-col--sm-first vce-col--md-last vce-col--lg-last vce-col--xl-last\" id=\"el-8bd2e008\"><div class=\"vce-col-inner\" data-vce-do-apply=\"border margin background  el-8bd2e008\"><div class=\"vce-content-background-container\"><\/div><div class=\"vce-col-content\" data-vce-element-content=\"true\" data-vce-do-apply=\"padding el-8bd2e008\"><div class=\"vce-raw-html\"><div class=\"vce-raw-html-wrapper\" id=\"el-e2fa5fa1\" data-vce-do-apply=\"all el-e2fa5fa1\"><script src=\"https:\/\/www.holidaycheck.de\/widgets?step=code&amp;type=code&amp;options=hotel-1-204926-de_DE-l-w-1-2-1-5-1\" type=\"text\/javascript\"><\/script><div id=\"holidaycheck-widget-hotel-1-204926-de_DE-l-w-1-2-1-5-1\"><div id=\"holidaycheck_widget_placeholder-204926\" style=\"width:120px;padding:5px;background:#0058a2;\"><a href=\"https:\/\/www.holidaycheck.de\/hi\/alpengasthof-hotel-kopphuette\/bc63767e-d00e-334c-9eb4-74fab5d2b136\"><img decoding=\"async\" alt=\"Hotels mit Hotelbewertungen bei HolidayCheck\" src=\"https:\/\/www.holidaycheck.de\/\/widgets\/logo_xlarge.png\" border=\"0\"><\/a><\/div><\/div><\/div><\/div><\/div><\/div><\/div><\/div><\/div><\/div>\n","protected":false},"excerpt":{"rendered":"<p>Hotel reviews A sincere thank you for your feedback<\/p>\n","protected":false},"author":1,"featured_media":0,"parent":0,"menu_order":6,"comment_status":"closed","ping_status":"closed","template":"page-noheader.php","meta":{"_acf_changed":false,"footnotes":""},"class_list":["post-1734","page","type-page","status-publish","hentry"],"acf":[],"yoast_head":"<!-- This site is optimized with the Yoast SEO plugin v27.0 - https:\/\/yoast.com\/product\/yoast-seo-wordpress\/ -->\n<title>Hotel Reviews - Alpengasthof &amp; Hotel Kopph\u00fctte<\/title>\n<meta name=\"robots\" content=\"index, follow, max-snippet:-1, max-image-preview:large, max-video-preview:-1\" \/>\n<link rel=\"canonical\" href=\"https:\/\/www.kopphuette.at\/en\/hotel-reviews\/\" \/>\n<meta property=\"og:locale\" content=\"en_US\" \/>\n<meta property=\"og:type\" content=\"article\" \/>\n<meta property=\"og:title\" content=\"Hotel Reviews - Alpengasthof &amp; Hotel Kopph\u00fctte\" \/>\n<meta property=\"og:description\" content=\"Hotel reviews A sincere thank you for your feedback\" \/>\n<meta property=\"og:url\" content=\"https:\/\/www.kopphuette.at\/en\/hotel-reviews\/\" \/>\n<meta property=\"og:site_name\" content=\"Alpengasthof &amp; Hotel Kopph\u00fctte\" \/>\n<meta property=\"article:modified_time\" content=\"2024-12-03T17:01:08+00:00\" \/>\n<meta property=\"og:image\" content=\"https:\/\/www.holidaycheck.de\/\/widgets\/logo_xlarge.png\" \/>\n<meta name=\"twitter:card\" content=\"summary_large_image\" \/>\n<script type=\"application\/ld+json\" class=\"yoast-schema-graph\">{\"@context\":\"https:\/\/schema.org\",\"@graph\":[{\"@type\":\"WebPage\",\"@id\":\"https:\/\/www.kopphuette.at\/en\/hotel-reviews\/\",\"url\":\"https:\/\/www.kopphuette.at\/en\/hotel-reviews\/\",\"name\":\"Hotel Reviews - Alpengasthof &amp; Hotel Kopph\u00fctte\",\"isPartOf\":{\"@id\":\"https:\/\/www.kopphuette.at\/en\/#website\"},\"primaryImageOfPage\":{\"@id\":\"https:\/\/www.kopphuette.at\/en\/hotel-reviews\/#primaryimage\"},\"image\":{\"@id\":\"https:\/\/www.kopphuette.at\/en\/hotel-reviews\/#primaryimage\"},\"thumbnailUrl\":\"https:\/\/www.holidaycheck.de\/\/widgets\/logo_xlarge.png\",\"datePublished\":\"2020-01-15T16:05:06+00:00\",\"dateModified\":\"2024-12-03T17:01:08+00:00\",\"breadcrumb\":{\"@id\":\"https:\/\/www.kopphuette.at\/en\/hotel-reviews\/#breadcrumb\"},\"inLanguage\":\"en-US\",\"potentialAction\":[{\"@type\":\"ReadAction\",\"target\":[\"https:\/\/www.kopphuette.at\/en\/hotel-reviews\/\"]}]},{\"@type\":\"ImageObject\",\"inLanguage\":\"en-US\",\"@id\":\"https:\/\/www.kopphuette.at\/en\/hotel-reviews\/#primaryimage\",\"url\":\"https:\/\/www.holidaycheck.de\/\/widgets\/logo_xlarge.png\",\"contentUrl\":\"https:\/\/www.holidaycheck.de\/\/widgets\/logo_xlarge.png\"},{\"@type\":\"BreadcrumbList\",\"@id\":\"https:\/\/www.kopphuette.at\/en\/hotel-reviews\/#breadcrumb\",\"itemListElement\":[{\"@type\":\"ListItem\",\"position\":1,\"name\":\"Startseite\",\"item\":\"https:\/\/www.kopphuette.at\/en\/\"},{\"@type\":\"ListItem\",\"position\":2,\"name\":\"Hotel Reviews\"}]},{\"@type\":\"WebSite\",\"@id\":\"https:\/\/www.kopphuette.at\/en\/#website\",\"url\":\"https:\/\/www.kopphuette.at\/en\/\",\"name\":\"Alpengasthof &amp; Hotel Kopph\u00fctte\",\"description\":\"Zimmer in M\u00fchlbach am Hochk\u00f6nig\",\"potentialAction\":[{\"@type\":\"SearchAction\",\"target\":{\"@type\":\"EntryPoint\",\"urlTemplate\":\"https:\/\/www.kopphuette.at\/en\/?s={search_term_string}\"},\"query-input\":{\"@type\":\"PropertyValueSpecification\",\"valueRequired\":true,\"valueName\":\"search_term_string\"}}],\"inLanguage\":\"en-US\"}]}<\/script>\n<!-- \/ Yoast SEO plugin. -->","yoast_head_json":{"title":"Hotel Reviews - Alpengasthof &amp; Hotel Kopph\u00fctte","robots":{"index":"index","follow":"follow","max-snippet":"max-snippet:-1","max-image-preview":"max-image-preview:large","max-video-preview":"max-video-preview:-1"},"canonical":"https:\/\/www.kopphuette.at\/en\/hotel-reviews\/","og_locale":"en_US","og_type":"article","og_title":"Hotel Reviews - Alpengasthof &amp; Hotel Kopph\u00fctte","og_description":"Hotel reviews A sincere thank you for your feedback","og_url":"https:\/\/www.kopphuette.at\/en\/hotel-reviews\/","og_site_name":"Alpengasthof &amp; Hotel Kopph\u00fctte","article_modified_time":"2024-12-03T17:01:08+00:00","og_image":[{"url":"https:\/\/www.holidaycheck.de\/\/widgets\/logo_xlarge.png","type":"","width":"","height":""}],"twitter_card":"summary_large_image","schema":{"@context":"https:\/\/schema.org","@graph":[{"@type":"WebPage","@id":"https:\/\/www.kopphuette.at\/en\/hotel-reviews\/","url":"https:\/\/www.kopphuette.at\/en\/hotel-reviews\/","name":"Hotel Reviews - Alpengasthof &amp; Hotel Kopph\u00fctte","isPartOf":{"@id":"https:\/\/www.kopphuette.at\/en\/#website"},"primaryImageOfPage":{"@id":"https:\/\/www.kopphuette.at\/en\/hotel-reviews\/#primaryimage"},"image":{"@id":"https:\/\/www.kopphuette.at\/en\/hotel-reviews\/#primaryimage"},"thumbnailUrl":"https:\/\/www.holidaycheck.de\/\/widgets\/logo_xlarge.png","datePublished":"2020-01-15T16:05:06+00:00","dateModified":"2024-12-03T17:01:08+00:00","breadcrumb":{"@id":"https:\/\/www.kopphuette.at\/en\/hotel-reviews\/#breadcrumb"},"inLanguage":"en-US","potentialAction":[{"@type":"ReadAction","target":["https:\/\/www.kopphuette.at\/en\/hotel-reviews\/"]}]},{"@type":"ImageObject","inLanguage":"en-US","@id":"https:\/\/www.kopphuette.at\/en\/hotel-reviews\/#primaryimage","url":"https:\/\/www.holidaycheck.de\/\/widgets\/logo_xlarge.png","contentUrl":"https:\/\/www.holidaycheck.de\/\/widgets\/logo_xlarge.png"},{"@type":"BreadcrumbList","@id":"https:\/\/www.kopphuette.at\/en\/hotel-reviews\/#breadcrumb","itemListElement":[{"@type":"ListItem","position":1,"name":"Startseite","item":"https:\/\/www.kopphuette.at\/en\/"},{"@type":"ListItem","position":2,"name":"Hotel Reviews"}]},{"@type":"WebSite","@id":"https:\/\/www.kopphuette.at\/en\/#website","url":"https:\/\/www.kopphuette.at\/en\/","name":"Alpengasthof &amp; Hotel Kopph\u00fctte","description":"Zimmer in M\u00fchlbach am Hochk\u00f6nig","potentialAction":[{"@type":"SearchAction","target":{"@type":"EntryPoint","urlTemplate":"https:\/\/www.kopphuette.at\/en\/?s={search_term_string}"},"query-input":{"@type":"PropertyValueSpecification","valueRequired":true,"valueName":"search_term_string"}}],"inLanguage":"en-US"}]}},"_links":{"self":[{"href":"https:\/\/www.kopphuette.at\/en\/wp-json\/wp\/v2\/pages\/1734","targetHints":{"allow":["GET"]}}],"collection":[{"href":"https:\/\/www.kopphuette.at\/en\/wp-json\/wp\/v2\/pages"}],"about":[{"href":"https:\/\/www.kopphuette.at\/en\/wp-json\/wp\/v2\/types\/page"}],"author":[{"embeddable":true,"href":"https:\/\/www.kopphuette.at\/en\/wp-json\/wp\/v2\/users\/1"}],"replies":[{"embeddable":true,"href":"https:\/\/www.kopphuette.at\/en\/wp-json\/wp\/v2\/comments?post=1734"}],"version-history":[{"count":0,"href":"https:\/\/www.kopphuette.at\/en\/wp-json\/wp\/v2\/pages\/1734\/revisions"}],"wp:attachment":[{"href":"https:\/\/www.kopphuette.at\/en\/wp-json\/wp\/v2\/media?parent=1734"}],"curies":[{"name":"wp","href":"https:\/\/api.w.org\/{rel}","templated":true}]}}