{"id":1735,"date":"2020-01-15T17:04:52","date_gmt":"2020-01-15T16:04:52","guid":{"rendered":"http:\/\/kopphuette.at.w01a26f7.kasserver.com\/online-buchen\/"},"modified":"2024-12-05T16:24:50","modified_gmt":"2024-12-05T15:24:50","slug":"book-online","status":"publish","type":"page","link":"https:\/\/www.kopphuette.at\/en\/book-online\/","title":{"rendered":"Book Online"},"content":{"rendered":"<div class=\"vce-row-container\" data-vce-boxed-width=\"true\"><div class=\"vce-row vce-row--col-gap-30 vce-row-content--top\" id=\"el-e7963401\" data-vce-do-apply=\"all el-e7963401\"><div class=\"vce-row-content\" data-vce-element-content=\"true\"><div class=\"vce-col vce-col--md-auto vce-col--xs-1 vce-col--xs-last vce-col--xs-first vce-col--sm-last vce-col--sm-first vce-col--md-last vce-col--lg-last vce-col--xl-last vce-col--md-first vce-col--lg-first vce-col--xl-first\" id=\"el-aee39cff\"><div class=\"vce-col-inner\" data-vce-do-apply=\"border margin background  el-aee39cff\"><div class=\"vce-col-content\" data-vce-element-content=\"true\" data-vce-do-apply=\"padding el-aee39cff\"><div class=\"vce-text-block\"><div class=\"vce-text-block-wrapper vce\" id=\"el-48453d9d\" data-vce-do-apply=\"all el-48453d9d\"><h1 style=\"text-align: center;\">Book online<\/h1>\n<h2 style=\"text-align: center;\">secure your selected room(s) quickly &amp; easily<\/h2><\/div><\/div><\/div><\/div><\/div><\/div><\/div><\/div><div class=\"vce-row-container\" data-vce-boxed-width=\"true\"><div class=\"vce-row vce-row--col-gap-30 vce-row-content--top\" id=\"el-07aad6be\" data-vce-do-apply=\"all el-07aad6be\"><div class=\"vce-row-content\" data-vce-element-content=\"true\"><div class=\"vce-col vce-col--md-auto vce-col--xs-1 vce-col--xs-last vce-col--xs-first vce-col--sm-last vce-col--sm-first vce-col--md-last vce-col--lg-last vce-col--xl-last vce-col--md-first vce-col--lg-first vce-col--xl-first\" id=\"el-03c6244a\"><div class=\"vce-col-inner\" data-vce-do-apply=\"border margin background  el-03c6244a\"><div class=\"vce-col-content\" data-vce-element-content=\"true\" data-vce-do-apply=\"padding el-03c6244a\"><div class=\"vce-raw-html\"><div class=\"vce-raw-html-wrapper\" id=\"el-eb049ed9\" data-vce-do-apply=\"all el-eb049ed9\">\n<div id=\"ebFrontEndFrame\"><\/div>\n<script src=\"\/\/www.easy-booking.at\/bookingengine2\/js\/jquery.easybooking.frontend.js\"><\/script>\n<script>\n  function ebFrontendLoadedCheck() {\n    if (typeof jQuery != \"undefined\") {\n      if (jQuery.fn.ebFrontEnd) {\n        jQuery(\"#ebFrontEndFrame\").ebFrontEnd({\n          customerId: 4386,\n          serialNo: \"4170-6784-1407\",\n          localeId: 1,\n          frameId: \"ebFrontEndPlugin\",\n          encapsulated: true,\n          adultOnly: false,\n          hideFilters: \"on\",\n          conversionReservation: \"\/matomoEasybookingBuchenEN.html\",\n          conversionEnquiry: \"\/matomoEasybookingAnfrageEN.html\",\n          frameWidth: \"auto\",\n          frameHeight: \"auto\",\n\t\t\tbackgroundColor:\"#6C725F\",\n                conversionReservation: \"\/matomoEasybookingBuchen.html\",\n                conversionEnquiry: \"\/matomoEasybookingAnfrage.html\",\n          resizeInterval: 500,\n          source: \"\",\n          collapsedExtras: false\n        });\n      } else {\n        setTimeout(ebFrontendLoadedCheck, 200);\n      }\n    } else {\n      setTimeout(ebFrontendLoadedCheck, 200);\n    }\n  }\n  ebFrontendLoadedCheck();\n<\/script>    \n<\/div><\/div><\/div><\/div><\/div><\/div><\/div><\/div>\n","protected":false},"excerpt":{"rendered":"<p>Book online secure your selected room(s) quickly &amp; easily<\/p>\n","protected":false},"author":1,"featured_media":0,"parent":0,"menu_order":6,"comment_status":"closed","ping_status":"closed","template":"page-noheader.php","meta":{"_acf_changed":false,"footnotes":""},"class_list":["post-1735","page","type-page","status-publish","hentry"],"acf":[],"yoast_head":"<!-- This site is optimized with the Yoast SEO plugin v27.0 - https:\/\/yoast.com\/product\/yoast-seo-wordpress\/ -->\n<title>Book online - rooms for 1-4 persons in M\u00fchlbach am Hochk\u00f6nig<\/title>\n<meta name=\"description\" content=\"Book your chosen room online now &amp; look forward to a fabulous mountain holiday surrounded by the Hochk\u00f6nig mountains in Salzburg.\" \/>\n<meta name=\"robots\" content=\"index, follow, max-snippet:-1, max-image-preview:large, max-video-preview:-1\" \/>\n<link rel=\"canonical\" href=\"https:\/\/www.kopphuette.at\/en\/book-online\/\" \/>\n<meta property=\"og:locale\" content=\"en_US\" \/>\n<meta property=\"og:type\" content=\"article\" \/>\n<meta property=\"og:title\" content=\"Book online - rooms for 1-4 persons in M\u00fchlbach am Hochk\u00f6nig\" \/>\n<meta property=\"og:description\" content=\"Book your chosen room online now &amp; look forward to a fabulous mountain holiday surrounded by the Hochk\u00f6nig mountains in Salzburg.\" \/>\n<meta property=\"og:url\" content=\"https:\/\/www.kopphuette.at\/en\/book-online\/\" \/>\n<meta property=\"og:site_name\" content=\"Alpengasthof &amp; Hotel Kopph\u00fctte\" \/>\n<meta property=\"article:modified_time\" content=\"2024-12-05T15:24:50+00:00\" \/>\n<meta property=\"og:image\" content=\"https:\/\/www.kopphuette.at\/wp-content\/uploads\/alpengasthof-hotel-muehlbach-hochkoenig-kopphuette-1.jpg\" \/>\n\t<meta property=\"og:image:width\" content=\"1920\" \/>\n\t<meta property=\"og:image:height\" content=\"1250\" \/>\n\t<meta property=\"og:image:type\" content=\"image\/jpeg\" \/>\n<meta name=\"twitter:card\" content=\"summary_large_image\" \/>\n<script type=\"application\/ld+json\" class=\"yoast-schema-graph\">{\"@context\":\"https:\/\/schema.org\",\"@graph\":[{\"@type\":\"WebPage\",\"@id\":\"https:\/\/www.kopphuette.at\/en\/book-online\/\",\"url\":\"https:\/\/www.kopphuette.at\/en\/book-online\/\",\"name\":\"Book online - rooms for 1-4 persons in M\u00fchlbach am Hochk\u00f6nig\",\"isPartOf\":{\"@id\":\"https:\/\/www.kopphuette.at\/en\/#website\"},\"datePublished\":\"2020-01-15T16:04:52+00:00\",\"dateModified\":\"2024-12-05T15:24:50+00:00\",\"description\":\"Book your chosen room online now & look forward to a fabulous mountain holiday surrounded by the Hochk\u00f6nig mountains in Salzburg.\",\"breadcrumb\":{\"@id\":\"https:\/\/www.kopphuette.at\/en\/book-online\/#breadcrumb\"},\"inLanguage\":\"en-US\",\"potentialAction\":[{\"@type\":\"ReadAction\",\"target\":[\"https:\/\/www.kopphuette.at\/en\/book-online\/\"]}]},{\"@type\":\"BreadcrumbList\",\"@id\":\"https:\/\/www.kopphuette.at\/en\/book-online\/#breadcrumb\",\"itemListElement\":[{\"@type\":\"ListItem\",\"position\":1,\"name\":\"Startseite\",\"item\":\"https:\/\/www.kopphuette.at\/en\/\"},{\"@type\":\"ListItem\",\"position\":2,\"name\":\"Book Online\"}]},{\"@type\":\"WebSite\",\"@id\":\"https:\/\/www.kopphuette.at\/en\/#website\",\"url\":\"https:\/\/www.kopphuette.at\/en\/\",\"name\":\"Alpengasthof &amp; Hotel Kopph\u00fctte\",\"description\":\"Zimmer in M\u00fchlbach am Hochk\u00f6nig\",\"potentialAction\":[{\"@type\":\"SearchAction\",\"target\":{\"@type\":\"EntryPoint\",\"urlTemplate\":\"https:\/\/www.kopphuette.at\/en\/?s={search_term_string}\"},\"query-input\":{\"@type\":\"PropertyValueSpecification\",\"valueRequired\":true,\"valueName\":\"search_term_string\"}}],\"inLanguage\":\"en-US\"}]}<\/script>\n<!-- \/ Yoast SEO plugin. -->","yoast_head_json":{"title":"Book online - rooms for 1-4 persons in M\u00fchlbach am Hochk\u00f6nig","description":"Book your chosen room online now & look forward to a fabulous mountain holiday surrounded by the Hochk\u00f6nig mountains in Salzburg.","robots":{"index":"index","follow":"follow","max-snippet":"max-snippet:-1","max-image-preview":"max-image-preview:large","max-video-preview":"max-video-preview:-1"},"canonical":"https:\/\/www.kopphuette.at\/en\/book-online\/","og_locale":"en_US","og_type":"article","og_title":"Book online - rooms for 1-4 persons in M\u00fchlbach am Hochk\u00f6nig","og_description":"Book your chosen room online now & look forward to a fabulous mountain holiday surrounded by the Hochk\u00f6nig mountains in Salzburg.","og_url":"https:\/\/www.kopphuette.at\/en\/book-online\/","og_site_name":"Alpengasthof &amp; Hotel Kopph\u00fctte","article_modified_time":"2024-12-05T15:24:50+00:00","og_image":[{"width":1920,"height":1250,"url":"https:\/\/www.kopphuette.at\/wp-content\/uploads\/alpengasthof-hotel-muehlbach-hochkoenig-kopphuette-1.jpg","type":"image\/jpeg"}],"twitter_card":"summary_large_image","schema":{"@context":"https:\/\/schema.org","@graph":[{"@type":"WebPage","@id":"https:\/\/www.kopphuette.at\/en\/book-online\/","url":"https:\/\/www.kopphuette.at\/en\/book-online\/","name":"Book online - rooms for 1-4 persons in M\u00fchlbach am Hochk\u00f6nig","isPartOf":{"@id":"https:\/\/www.kopphuette.at\/en\/#website"},"datePublished":"2020-01-15T16:04:52+00:00","dateModified":"2024-12-05T15:24:50+00:00","description":"Book your chosen room online now & look forward to a fabulous mountain holiday surrounded by the Hochk\u00f6nig mountains in Salzburg.","breadcrumb":{"@id":"https:\/\/www.kopphuette.at\/en\/book-online\/#breadcrumb"},"inLanguage":"en-US","potentialAction":[{"@type":"ReadAction","target":["https:\/\/www.kopphuette.at\/en\/book-online\/"]}]},{"@type":"BreadcrumbList","@id":"https:\/\/www.kopphuette.at\/en\/book-online\/#breadcrumb","itemListElement":[{"@type":"ListItem","position":1,"name":"Startseite","item":"https:\/\/www.kopphuette.at\/en\/"},{"@type":"ListItem","position":2,"name":"Book Online"}]},{"@type":"WebSite","@id":"https:\/\/www.kopphuette.at\/en\/#website","url":"https:\/\/www.kopphuette.at\/en\/","name":"Alpengasthof &amp; Hotel Kopph\u00fctte","description":"Zimmer in M\u00fchlbach am Hochk\u00f6nig","potentialAction":[{"@type":"SearchAction","target":{"@type":"EntryPoint","urlTemplate":"https:\/\/www.kopphuette.at\/en\/?s={search_term_string}"},"query-input":{"@type":"PropertyValueSpecification","valueRequired":true,"valueName":"search_term_string"}}],"inLanguage":"en-US"}]}},"_links":{"self":[{"href":"https:\/\/www.kopphuette.at\/en\/wp-json\/wp\/v2\/pages\/1735","targetHints":{"allow":["GET"]}}],"collection":[{"href":"https:\/\/www.kopphuette.at\/en\/wp-json\/wp\/v2\/pages"}],"about":[{"href":"https:\/\/www.kopphuette.at\/en\/wp-json\/wp\/v2\/types\/page"}],"author":[{"embeddable":true,"href":"https:\/\/www.kopphuette.at\/en\/wp-json\/wp\/v2\/users\/1"}],"replies":[{"embeddable":true,"href":"https:\/\/www.kopphuette.at\/en\/wp-json\/wp\/v2\/comments?post=1735"}],"version-history":[{"count":0,"href":"https:\/\/www.kopphuette.at\/en\/wp-json\/wp\/v2\/pages\/1735\/revisions"}],"wp:attachment":[{"href":"https:\/\/www.kopphuette.at\/en\/wp-json\/wp\/v2\/media?parent=1735"}],"curies":[{"name":"wp","href":"https:\/\/api.w.org\/{rel}","templated":true}]}}