{"id":1736,"date":"2020-01-15T17:04:28","date_gmt":"2020-01-15T16:04:28","guid":{"rendered":"http:\/\/kopphuette.at.w01a26f7.kasserver.com\/unverbindlich-anfragen\/"},"modified":"2020-02-20T11:28:21","modified_gmt":"2020-02-20T10:28:21","slug":"make-an-enquiry","status":"publish","type":"page","link":"https:\/\/www.kopphuette.at\/en\/make-an-enquiry\/","title":{"rendered":"Make an Enquiry"},"content":{"rendered":"<div class=\"vce-row-container\"><div class=\"vce-row vce-row--col-gap-30 vce-row-columns--top vce-row-content--top\" id=\"el-ca0d12d4\" data-vce-do-apply=\"all el-ca0d12d4\"><div class=\"vce-row-content\" data-vce-element-content=\"true\"><div class=\"vce-col vce-col--md-auto vce-col--xs-1 vce-col--xs-last vce-col--xs-first vce-col--sm-last vce-col--sm-first vce-col--md-last vce-col--lg-last vce-col--xl-last vce-col--md-first vce-col--lg-first vce-col--xl-first\" id=\"el-054e7fcd\"><div class=\"vce-col-inner\" data-vce-do-apply=\"border margin background  el-054e7fcd\"><div class=\"vce-col-content\" data-vce-element-content=\"true\" data-vce-do-apply=\"padding el-054e7fcd\"><div class=\"vce-text-block\"><div class=\"vce-text-block-wrapper vce\" id=\"el-5dee9be2\" data-vce-do-apply=\"all el-5dee9be2\"><h1 style=\"text-align: center;\">Make an enquiry<\/h1>\n<h2 style=\"text-align: center;\">just a few steps away from your mountain holiday at an altitude of 1,307 m <\/h2><\/div><\/div><\/div><\/div><\/div><\/div><\/div><\/div><div class=\"vce-row-container\"><div class=\"vce-row vce-row--col-gap-30 vce-row-columns--top vce-row-content--top\" id=\"el-047a9457\" data-vce-do-apply=\"all el-047a9457\"><div class=\"vce-row-content\" data-vce-element-content=\"true\"><div class=\"vce-col vce-col--md-auto vce-col--xs-1 vce-col--xs-last vce-col--xs-first vce-col--sm-last vce-col--sm-first vce-col--md-last vce-col--lg-last vce-col--xl-last vce-col--md-first vce-col--lg-first vce-col--xl-first\" id=\"el-9d8ebfcc\"><div class=\"vce-col-inner\" data-vce-do-apply=\"border margin background  el-9d8ebfcc\"><div class=\"vce-col-content\" data-vce-element-content=\"true\" data-vce-do-apply=\"padding el-9d8ebfcc\"><div class=\"vce-raw-html\"><div class=\"vce-raw-html-wrapper\" id=\"el-d603e9fa\" data-vce-do-apply=\"all el-d603e9fa\"><div id=\"ebEnquiry\"><\/div>\n<script type=\"text\/javascript\" src=\"\/\/www.easy-booking.at\/ebPlugins\/enquiry\/jquery.easybooking.enquiry.v2.js\"><\/script>\n<script type=\"text\/javascript\">\nfunction ebEnquiryLoadedCheck() {\n    if(typeof jQuery != \"undefined\") {\n        if(jQuery.fn.ebEnquiry) {\n            jQuery(\"#ebEnquiry\").ebEnquiry({\n                customerId: 4386,\n                serialNo: \"4170-6784-1407\",\n                localeId: 1,\n                fontcolor: \"black\",\n                buttoncolor:\"#6C725F\",\n                buttonfontcolor: \"\",\n                source: \"\",\n                comment: \"\",\n                conversionEnquiry: \"\/matomoEasybookingAnfrageEN.html\"\n            });\n        } else {setTimeout(ebEnquiryLoadedCheck,200);}\n    } else {setTimeout(ebEnquiryLoadedCheck,200);}\n}\nebEnquiryLoadedCheck();\n<\/script>                    \n<\/div><\/div><\/div><\/div><\/div><\/div><\/div><\/div>\n","protected":false},"excerpt":{"rendered":"<p>Make an enquiry just a few steps away from your mountain holiday at an altitude of 1,307 m<\/p>\n","protected":false},"author":1,"featured_media":0,"parent":0,"menu_order":4,"comment_status":"closed","ping_status":"closed","template":"page-noheader.php","meta":{"_acf_changed":false,"footnotes":""},"class_list":["post-1736","page","type-page","status-publish","hentry"],"acf":[],"yoast_head":"<!-- This site is optimized with the Yoast SEO plugin v27.0 - https:\/\/yoast.com\/product\/yoast-seo-wordpress\/ -->\n<title>Make an enquiry - your holiday at the Hochk\u00f6nig, cosy rooms<\/title>\n<meta name=\"description\" content=\"Using this form you can enquire about rooms for 1-4 persons in M\u00fchlbach am Hochk\u00f6nig, Salzburger Land. We&#039;ll glady send you a holiday quote.\" \/>\n<meta name=\"robots\" content=\"index, follow, max-snippet:-1, max-image-preview:large, max-video-preview:-1\" \/>\n<link rel=\"canonical\" href=\"https:\/\/www.kopphuette.at\/en\/make-an-enquiry\/\" \/>\n<meta property=\"og:locale\" content=\"en_US\" \/>\n<meta property=\"og:type\" content=\"article\" \/>\n<meta property=\"og:title\" content=\"Make an enquiry - your holiday at the Hochk\u00f6nig, cosy rooms\" \/>\n<meta property=\"og:description\" content=\"Using this form you can enquire about rooms for 1-4 persons in M\u00fchlbach am Hochk\u00f6nig, Salzburger Land. We&#039;ll glady send you a holiday quote.\" \/>\n<meta property=\"og:url\" content=\"https:\/\/www.kopphuette.at\/en\/make-an-enquiry\/\" \/>\n<meta property=\"og:site_name\" content=\"Alpengasthof &amp; Hotel Kopph\u00fctte\" \/>\n<meta property=\"article:modified_time\" content=\"2020-02-20T10:28:21+00:00\" \/>\n<meta property=\"og:image\" content=\"https:\/\/www.kopphuette.at\/wp-content\/uploads\/alpengasthof-hotel-muehlbach-hochkoenig-kopphuette-1.jpg\" \/>\n\t<meta property=\"og:image:width\" content=\"1920\" \/>\n\t<meta property=\"og:image:height\" content=\"1250\" \/>\n\t<meta property=\"og:image:type\" content=\"image\/jpeg\" \/>\n<meta name=\"twitter:card\" content=\"summary_large_image\" \/>\n<script type=\"application\/ld+json\" class=\"yoast-schema-graph\">{\"@context\":\"https:\/\/schema.org\",\"@graph\":[{\"@type\":\"WebPage\",\"@id\":\"https:\/\/www.kopphuette.at\/en\/make-an-enquiry\/\",\"url\":\"https:\/\/www.kopphuette.at\/en\/make-an-enquiry\/\",\"name\":\"Make an enquiry - your holiday at the Hochk\u00f6nig, cosy rooms\",\"isPartOf\":{\"@id\":\"https:\/\/www.kopphuette.at\/en\/#website\"},\"datePublished\":\"2020-01-15T16:04:28+00:00\",\"dateModified\":\"2020-02-20T10:28:21+00:00\",\"description\":\"Using this form you can enquire about rooms for 1-4 persons in M\u00fchlbach am Hochk\u00f6nig, Salzburger Land. We'll glady send you a holiday quote.\",\"breadcrumb\":{\"@id\":\"https:\/\/www.kopphuette.at\/en\/make-an-enquiry\/#breadcrumb\"},\"inLanguage\":\"en-US\",\"potentialAction\":[{\"@type\":\"ReadAction\",\"target\":[\"https:\/\/www.kopphuette.at\/en\/make-an-enquiry\/\"]}]},{\"@type\":\"BreadcrumbList\",\"@id\":\"https:\/\/www.kopphuette.at\/en\/make-an-enquiry\/#breadcrumb\",\"itemListElement\":[{\"@type\":\"ListItem\",\"position\":1,\"name\":\"Startseite\",\"item\":\"https:\/\/www.kopphuette.at\/en\/\"},{\"@type\":\"ListItem\",\"position\":2,\"name\":\"Make an Enquiry\"}]},{\"@type\":\"WebSite\",\"@id\":\"https:\/\/www.kopphuette.at\/en\/#website\",\"url\":\"https:\/\/www.kopphuette.at\/en\/\",\"name\":\"Alpengasthof &amp; Hotel Kopph\u00fctte\",\"description\":\"Zimmer in M\u00fchlbach am Hochk\u00f6nig\",\"potentialAction\":[{\"@type\":\"SearchAction\",\"target\":{\"@type\":\"EntryPoint\",\"urlTemplate\":\"https:\/\/www.kopphuette.at\/en\/?s={search_term_string}\"},\"query-input\":{\"@type\":\"PropertyValueSpecification\",\"valueRequired\":true,\"valueName\":\"search_term_string\"}}],\"inLanguage\":\"en-US\"}]}<\/script>\n<!-- \/ Yoast SEO plugin. -->","yoast_head_json":{"title":"Make an enquiry - your holiday at the Hochk\u00f6nig, cosy rooms","description":"Using this form you can enquire about rooms for 1-4 persons in M\u00fchlbach am Hochk\u00f6nig, Salzburger Land. We'll glady send you a holiday quote.","robots":{"index":"index","follow":"follow","max-snippet":"max-snippet:-1","max-image-preview":"max-image-preview:large","max-video-preview":"max-video-preview:-1"},"canonical":"https:\/\/www.kopphuette.at\/en\/make-an-enquiry\/","og_locale":"en_US","og_type":"article","og_title":"Make an enquiry - your holiday at the Hochk\u00f6nig, cosy rooms","og_description":"Using this form you can enquire about rooms for 1-4 persons in M\u00fchlbach am Hochk\u00f6nig, Salzburger Land. We'll glady send you a holiday quote.","og_url":"https:\/\/www.kopphuette.at\/en\/make-an-enquiry\/","og_site_name":"Alpengasthof &amp; Hotel Kopph\u00fctte","article_modified_time":"2020-02-20T10:28:21+00:00","og_image":[{"width":1920,"height":1250,"url":"https:\/\/www.kopphuette.at\/wp-content\/uploads\/alpengasthof-hotel-muehlbach-hochkoenig-kopphuette-1.jpg","type":"image\/jpeg"}],"twitter_card":"summary_large_image","schema":{"@context":"https:\/\/schema.org","@graph":[{"@type":"WebPage","@id":"https:\/\/www.kopphuette.at\/en\/make-an-enquiry\/","url":"https:\/\/www.kopphuette.at\/en\/make-an-enquiry\/","name":"Make an enquiry - your holiday at the Hochk\u00f6nig, cosy rooms","isPartOf":{"@id":"https:\/\/www.kopphuette.at\/en\/#website"},"datePublished":"2020-01-15T16:04:28+00:00","dateModified":"2020-02-20T10:28:21+00:00","description":"Using this form you can enquire about rooms for 1-4 persons in M\u00fchlbach am Hochk\u00f6nig, Salzburger Land. We'll glady send you a holiday quote.","breadcrumb":{"@id":"https:\/\/www.kopphuette.at\/en\/make-an-enquiry\/#breadcrumb"},"inLanguage":"en-US","potentialAction":[{"@type":"ReadAction","target":["https:\/\/www.kopphuette.at\/en\/make-an-enquiry\/"]}]},{"@type":"BreadcrumbList","@id":"https:\/\/www.kopphuette.at\/en\/make-an-enquiry\/#breadcrumb","itemListElement":[{"@type":"ListItem","position":1,"name":"Startseite","item":"https:\/\/www.kopphuette.at\/en\/"},{"@type":"ListItem","position":2,"name":"Make an Enquiry"}]},{"@type":"WebSite","@id":"https:\/\/www.kopphuette.at\/en\/#website","url":"https:\/\/www.kopphuette.at\/en\/","name":"Alpengasthof &amp; Hotel Kopph\u00fctte","description":"Zimmer in M\u00fchlbach am Hochk\u00f6nig","potentialAction":[{"@type":"SearchAction","target":{"@type":"EntryPoint","urlTemplate":"https:\/\/www.kopphuette.at\/en\/?s={search_term_string}"},"query-input":{"@type":"PropertyValueSpecification","valueRequired":true,"valueName":"search_term_string"}}],"inLanguage":"en-US"}]}},"_links":{"self":[{"href":"https:\/\/www.kopphuette.at\/en\/wp-json\/wp\/v2\/pages\/1736","targetHints":{"allow":["GET"]}}],"collection":[{"href":"https:\/\/www.kopphuette.at\/en\/wp-json\/wp\/v2\/pages"}],"about":[{"href":"https:\/\/www.kopphuette.at\/en\/wp-json\/wp\/v2\/types\/page"}],"author":[{"embeddable":true,"href":"https:\/\/www.kopphuette.at\/en\/wp-json\/wp\/v2\/users\/1"}],"replies":[{"embeddable":true,"href":"https:\/\/www.kopphuette.at\/en\/wp-json\/wp\/v2\/comments?post=1736"}],"version-history":[{"count":0,"href":"https:\/\/www.kopphuette.at\/en\/wp-json\/wp\/v2\/pages\/1736\/revisions"}],"wp:attachment":[{"href":"https:\/\/www.kopphuette.at\/en\/wp-json\/wp\/v2\/media?parent=1736"}],"curies":[{"name":"wp","href":"https:\/\/api.w.org\/{rel}","templated":true}]}}