{"id":1740,"date":"2020-01-15T17:03:09","date_gmt":"2020-01-15T16:03:09","guid":{"rendered":"http:\/\/kopphuette.at.w01a26f7.kasserver.com\/wellness\/"},"modified":"2024-12-05T20:14:23","modified_gmt":"2024-12-05T19:14:23","slug":"spa","status":"publish","type":"page","link":"https:\/\/www.kopphuette.at\/en\/spa\/","title":{"rendered":"Spa"},"content":{"rendered":"<div class=\"vce-row-container\" data-vce-boxed-width=\"true\"><div class=\"vce-row vce-row--col-gap-129 vce-row-wrap--reverse einleitung vce-row-equal-height vce-row-content--middle\" id=\"el-5730a661\" data-vce-do-apply=\"all el-5730a661\"><div class=\"vce-row-content\" data-vce-element-content=\"true\"><div class=\"vce-col vce-col--xs-100p vce-col--xs-visible vce-col--xs-last vce-col--xs-first vce-col--sm-100p vce-col--sm-visible vce-col--sm-last vce-col--sm-first vce-col--md-100p vce-col--md-visible vce-col--md-last vce-col--md-first vce-col--lg-100p vce-col--lg-visible vce-col--lg-last vce-col--lg-first vce-col--xl-40-29p vce-col--xl-visible vce-col--xl-first einleitung-image  \" id=\"el-8f817a5d\"><div class=\"vce-col-inner\" data-vce-do-apply=\"border margin background  el-8f817a5d\"><div class=\"vce-col-content\" data-vce-element-content=\"true\" data-vce-do-apply=\"padding el-8f817a5d\"><div class=\"vce-row-container\" data-vce-boxed-width=\"true\"><div class=\"vce-row vce-row--col-gap-30 vce-row-content--top\" id=\"el-8146a273\" data-vce-do-apply=\"all el-8146a273\"><div class=\"vce-row-content\" data-vce-element-content=\"true\"><div class=\"vce-col vce-col--xs-100p vce-col--xs-visible vce-col--xs-last vce-col--xs-first vce-col--sm-100p vce-col--sm-visible vce-col--sm-last vce-col--sm-first vce-col--md-50p vce-col--md-visible vce-col--md-first vce-col--lg-50p vce-col--lg-visible vce-col--lg-first vce-col--xl-100p vce-col--xl-visible vce-col--xl-last vce-col--xl-first\" id=\"el-05c80c1c\"><div class=\"vce-col-inner\" data-vce-do-apply=\"border margin background  el-05c80c1c\"><div class=\"vce-col-content\" data-vce-element-content=\"true\" data-vce-do-apply=\"padding el-05c80c1c\"><div class=\"vce-single-image-container vce-single-image--align-left\"><div class=\"vce vce-single-image-wrapper\" id=\"el-a41a5ed6\" data-vce-do-apply=\"all el-a41a5ed6\"><figure><div class=\"vce-single-image-figure-inner\" style=\"width: 735px;\"><a href=\"https:\/\/www.kopphuette.at\/wp-content\/uploads\/wellness-alpengasthof-hotel-kopphuette-muehlbach-8.jpg\" data-lightbox=\"lightbox-a41a5ed6\" class=\"vce-single-image-inner vce-single-image--absolute\" style=\"width: 100%; padding-bottom: 66.6667%;\"><img decoding=\"async\" class=\"vce-single-image\"  width=\"735\" height=\"490\" srcset=\"https:\/\/www.kopphuette.at\/wp-content\/uploads\/wellness-alpengasthof-hotel-kopphuette-muehlbach-8-735x490.jpg 735w, https:\/\/www.kopphuette.at\/wp-content\/uploads\/wellness-alpengasthof-hotel-kopphuette-muehlbach-8-480x320.jpg 480w, https:\/\/www.kopphuette.at\/wp-content\/uploads\/wellness-alpengasthof-hotel-kopphuette-muehlbach-8-320x213.jpg 320w, https:\/\/www.kopphuette.at\/wp-content\/uploads\/wellness-alpengasthof-hotel-kopphuette-muehlbach-8-800x533.jpg 800w\" src=\"https:\/\/www.kopphuette.at\/wp-content\/uploads\/wellness-alpengasthof-hotel-kopphuette-muehlbach-8-735x490.jpg\" data-img-src=\"https:\/\/www.kopphuette.at\/wp-content\/uploads\/wellness-alpengasthof-hotel-kopphuette-muehlbach-8.jpg\" data-attachment-id=\"2440\"  alt=\"Wellness - Alpengasthof &amp; Hotel Kopph\u00fctte in M\u00fchlbach am Hochk\u00f6nig\" title=\"wellness-alpengasthof-hotel-kopphuette-muehlbach-8\" \/><\/a><\/div><figcaption hidden=\"\"><\/figcaption><\/figure><\/div><\/div><\/div><\/div><\/div><div class=\"vce-col vce-col--xs-100p vce-col--xs-visible vce-col--xs-last vce-col--xs-first vce-col--sm-100p vce-col--sm-visible vce-col--sm-last vce-col--sm-first vce-col--md-50p vce-col--md-visible vce-col--md-last vce-col--lg-50p vce-col--lg-visible vce-col--lg-last vce-col--xl-100p vce-col--xl-visible vce-col--xl-last vce-col--xl-first\" id=\"el-3a4b367a\"><div class=\"vce-col-inner\" data-vce-do-apply=\"border margin background  el-3a4b367a\"><div class=\"vce-col-content\" data-vce-element-content=\"true\" data-vce-do-apply=\"padding el-3a4b367a\"><div class=\"vce-single-image-container vce-single-image--align-left\"><div class=\"vce vce-single-image-wrapper\" id=\"el-7211c7a2\" data-vce-do-apply=\"all el-7211c7a2\"><figure><div class=\"vce-single-image-figure-inner\" style=\"width: 735px;\"><a href=\"https:\/\/www.kopphuette.at\/wp-content\/uploads\/wellness-alpengasthof-hotel-kopphuette-muehlbach-9.jpg\" data-lightbox=\"lightbox-7211c7a2\" class=\"vce-single-image-inner vce-single-image--absolute\" style=\"width: 100%; padding-bottom: 66.6667%;\"><img decoding=\"async\" class=\"vce-single-image\"  width=\"735\" height=\"490\" srcset=\"https:\/\/www.kopphuette.at\/wp-content\/uploads\/wellness-alpengasthof-hotel-kopphuette-muehlbach-9-735x490.jpg 735w, https:\/\/www.kopphuette.at\/wp-content\/uploads\/wellness-alpengasthof-hotel-kopphuette-muehlbach-9-480x320.jpg 480w, https:\/\/www.kopphuette.at\/wp-content\/uploads\/wellness-alpengasthof-hotel-kopphuette-muehlbach-9-320x213.jpg 320w, https:\/\/www.kopphuette.at\/wp-content\/uploads\/wellness-alpengasthof-hotel-kopphuette-muehlbach-9-800x533.jpg 800w\" src=\"https:\/\/www.kopphuette.at\/wp-content\/uploads\/wellness-alpengasthof-hotel-kopphuette-muehlbach-9-735x490.jpg\" data-img-src=\"https:\/\/www.kopphuette.at\/wp-content\/uploads\/wellness-alpengasthof-hotel-kopphuette-muehlbach-9.jpg\" data-attachment-id=\"2442\"  alt=\"Wellness - Alpengasthof &amp; Hotel Kopph\u00fctte in M\u00fchlbach am Hochk\u00f6nig\" title=\"wellness-alpengasthof-hotel-kopphuette-muehlbach-9\" \/><\/a><\/div><figcaption hidden=\"\"><\/figcaption><\/figure><\/div><\/div><\/div><\/div><\/div><\/div><\/div><\/div><\/div><\/div><\/div><div class=\"vce-col vce-col--xs-100p vce-col--xs-visible vce-col--xs-last vce-col--xs-first vce-col--sm-100p vce-col--sm-visible vce-col--sm-last vce-col--sm-first vce-col--md-100p vce-col--md-visible vce-col--md-last vce-col--md-first vce-col--lg-100p vce-col--lg-visible vce-col--lg-last vce-col--lg-first vce-col--xl-59-70p vce-col--xl-visible vce-col--xl-last\" id=\"el-21983e93\"><div class=\"vce-col-inner\" data-vce-do-apply=\"border margin background  el-21983e93\"><div class=\"vce-content-background-container\"><\/div><div class=\"vce-col-content\" data-vce-element-content=\"true\" data-vce-do-apply=\"padding el-21983e93\"><div class=\"vce-row-container\" data-vce-boxed-width=\"true\"><div class=\"vce-row vce-row--col-gap-30 vce-row-content--middle\" id=\"el-0378a948\" data-vce-do-apply=\"all el-0378a948\"><div class=\"vce-row-content\" data-vce-element-content=\"true\"><div class=\"vce-col vce-col--md-100p vce-col--xs-1 vce-col--xs-last vce-col--xs-first vce-col--sm-last vce-col--sm-first vce-col--md-last vce-col--lg-last vce-col--xl-last vce-col--md-first vce-col--lg-first vce-col--xl-first\" id=\"el-cc35265b\"><div class=\"vce-col-inner\" data-vce-do-apply=\"border margin background  el-cc35265b\"><div class=\"vce-col-content\" data-vce-element-content=\"true\" data-vce-do-apply=\"padding el-cc35265b\"><div class=\"vce-text-block\"><div class=\"vce-text-block-wrapper vce\" id=\"el-2dda0a8c\" data-vce-do-apply=\"all el-2dda0a8c\"><h1>Panorama spa<br>at the Alpengasthof Kopph\u00fctte<\/h1>\n<h2>Relax &amp; breathe deeply with a view of the summits<\/h2><\/div><\/div><\/div><\/div><\/div><div class=\"vce-col vce-col--md-auto vce-col--xs-1 vce-col--xs-last vce-col--xs-first vce-col--sm-last vce-col--sm-first vce-col--md-last vce-col--lg-last vce-col--xl-last vce-col--md-first vce-col--lg-first vce-col--xl-first\" id=\"el-2aa4958b\"><div class=\"vce-col-inner\" data-vce-do-apply=\"border margin background  el-2aa4958b\"><div class=\"vce-col-content\" data-vce-element-content=\"true\" data-vce-do-apply=\"padding el-2aa4958b\"><div class=\"vce-text-block\"><div class=\"vce-text-block-wrapper vce\" id=\"el-f7f1ab48\" data-vce-do-apply=\"all el-f7f1ab48\"><p>You will find a wonderful balance for body and soul in our <strong>spacious panoramic spa area<\/strong> at the <a href=\"..\/\">Alpengasthof Kopph\u00fctte<\/a>. After hiking, relax your muscles in the warmth of the<strong> infrared cabin sauna<\/strong>, breathe freely in the <strong>aroma steam bath<\/strong> with relaxing colourful lights or rely on the tried and tested healing power of the <strong>Swiss stone pine sauna<\/strong>. The <strong>heated bench<\/strong> or the <strong>cosy relaxation room<\/strong> are just the right places to let your gaze wander over the alpine and mountain world and let your soul dangle. The water bubbles from our <strong>own spring<\/strong> and is revitalised as a health extra according to the <strong>Grander Principle<\/strong>. Would you like to cool off? In winter you can reach the refreshing powder snow directly from the spa area via the outside stairs.<\/p><\/div><\/div><\/div><\/div><\/div><\/div><\/div><\/div><\/div><\/div><\/div><\/div><\/div><\/div><div class=\"vce-row-container\"><div class=\"vce-row vce-element--has-background vce-row--col-gap-30 schmal-streched-row vce-row-content--top\" data-vce-full-width=\"true\" id=\"el-7a4594b8\" data-vce-do-apply=\"all el-7a4594b8\"><div class=\"vce-content-background-container\"><\/div><div class=\"vce-row-content\" data-vce-element-content=\"true\"><div class=\"vce-col vce-col--md-auto vce-col--xs-1 vce-col--xs-last vce-col--xs-first vce-col--sm-last vce-col--sm-first vce-col--md-last vce-col--lg-last vce-col--xl-last vce-col--md-first vce-col--lg-first vce-col--xl-first\" id=\"el-aa38fa75\"><div class=\"vce-col-inner\" data-vce-do-apply=\"border margin background  el-aa38fa75\"><div class=\"vce-content-background-container\"><\/div><div class=\"vce-col-content\" data-vce-element-content=\"true\" data-vce-do-apply=\"padding el-aa38fa75\"><div class=\"vce-text-block\"><div class=\"vce-text-block-wrapper vce\" id=\"el-e70cf099\" data-vce-do-apply=\"all el-e70cf099\"><h3 style=\"text-align: center;\">Panorama spa at a glance<\/h3>\n<h4 style=\"text-align: center;\">How to relax at the Kopph\u00fctte<\/h4><\/div><\/div><div class=\"vce-row-container\" data-vce-boxed-width=\"true\"><div class=\"vce-row vce-row--col-gap-30 vce-row-content--top\" id=\"el-7f83fd04\" data-vce-do-apply=\"all el-7f83fd04\"><div class=\"vce-row-content\" data-vce-element-content=\"true\"><div class=\"vce-col vce-col--md-auto vce-col--xs-1 vce-col--xs-last vce-col--xs-first vce-col--sm-last vce-col--sm-first vce-col--md-first vce-col--lg-first vce-col--xl-first\" id=\"el-6d76c1f5\"><div class=\"vce-col-inner\" data-vce-do-apply=\"border margin background  el-6d76c1f5\"><div class=\"vce-col-content\" data-vce-element-content=\"true\" data-vce-do-apply=\"padding el-6d76c1f5\"><div class=\"vce-text-block aufzaehlung\"><div class=\"vce-text-block-wrapper vce\" id=\"el-345b28c3\" data-vce-do-apply=\"all el-345b28c3\"><ul>\n<li>Aroma steam bath<\/li>\n<li>Swiss stone pine sauna<\/li>\n<li>Infrared cabin sauna<\/li>\n<\/ul><\/div><\/div><\/div><\/div><\/div><div class=\"vce-col vce-col--md-auto vce-col--xs-1 vce-col--xs-last vce-col--xs-first vce-col--sm-last vce-col--sm-first vce-col--md-last vce-col--lg-last vce-col--xl-last\" id=\"el-febbec78\"><div class=\"vce-col-inner\" data-vce-do-apply=\"border margin background  el-febbec78\"><div class=\"vce-col-content\" data-vce-element-content=\"true\" data-vce-do-apply=\"padding el-febbec78\"><div class=\"vce-text-block aufzaehlung\"><div class=\"vce-text-block-wrapper vce\" id=\"el-b462373e\" data-vce-do-apply=\"all el-b462373e\"><ul>\n<li>Heated bench<\/li>\n<li>Spacious relaxation room<\/li>\n<li>Loungers<\/li>\n<\/ul><\/div><\/div><\/div><\/div><\/div><\/div><\/div><\/div><div class=\"vce-single-image-container vce-single-image--align-left\"><div class=\"vce vce-single-image-wrapper\" id=\"el-551bcf58\" data-vce-do-apply=\"all el-551bcf58\"><figure><div class=\"vce-single-image-figure-inner\" style=\"width: 1170px;\"><div class=\"vce-single-image-inner vce-single-image--absolute\" style=\"width: 100%; padding-bottom: 50%;\"><img decoding=\"async\" class=\"vce-single-image\"  width=\"1170\" height=\"585\" srcset=\"https:\/\/www.kopphuette.at\/wp-content\/uploads\/wellness-alpengasthof-hotel-kopphuette-muehlbach-10-1170x585.jpg 1170w, https:\/\/www.kopphuette.at\/wp-content\/uploads\/wellness-alpengasthof-hotel-kopphuette-muehlbach-10-480x240.jpg 480w, https:\/\/www.kopphuette.at\/wp-content\/uploads\/wellness-alpengasthof-hotel-kopphuette-muehlbach-10-320x160.jpg 320w, https:\/\/www.kopphuette.at\/wp-content\/uploads\/wellness-alpengasthof-hotel-kopphuette-muehlbach-10-800x400.jpg 800w\" src=\"https:\/\/www.kopphuette.at\/wp-content\/uploads\/wellness-alpengasthof-hotel-kopphuette-muehlbach-10-1170x585.jpg\" data-img-src=\"https:\/\/www.kopphuette.at\/wp-content\/uploads\/wellness-alpengasthof-hotel-kopphuette-muehlbach-10.jpg\" data-attachment-id=\"2444\"  alt=\"Wellness - Alpengasthof &amp; Hotel Kopph\u00fctte in M\u00fchlbach am Hochk\u00f6nig\" title=\"wellness-alpengasthof-hotel-kopphuette-muehlbach-10\" \/><\/div><\/div><figcaption hidden=\"\"><\/figcaption><\/figure><\/div><\/div><\/div><\/div><\/div><\/div><\/div><\/div><div class=\"vce-row-container\" data-vce-boxed-width=\"true\"><div class=\"vce-row vce-row--col-gap-0 schmal button-group vce-row-equal-height vce-row-content--middle\" id=\"el-fd89a610\" data-vce-do-apply=\"all el-fd89a610\"><div class=\"vce-row-content\" data-vce-element-content=\"true\"><div class=\"vce-col vce-col--md-1-3 vce-col--xs-1 vce-col--xs-last vce-col--xs-first vce-col--sm-last vce-col--sm-first vce-col--md-first vce-col--lg-first vce-col--xl-first\" id=\"el-516b242e\"><div class=\"vce-col-inner\" data-vce-do-apply=\"border margin background  el-516b242e\"><div class=\"vce-col-content\" data-vce-element-content=\"true\" data-vce-do-apply=\"padding el-516b242e\"><div class=\"vce-button--style-outline-icon-container vce strech\" id=\"el-2018dd79\" data-vce-do-apply=\"margin el-2018dd79\" style=\"--alignment: left; --borderColor: #e3e3e3; --color: #e3e3e3; --hoverBackground: #3d3d3d; --hoverColorAnimated: #fff;\"><a class=\"vce-button vce-button--style-outline-icon-animated vce-button--style-outline-icon--border-square\" href=\"https:\/\/www.kopphuette.at\/zimmer-hotel-hochkoenig\/\" title=\"\" data-vce-do-apply=\"padding border background  el-2018dd79\"><span class=\"vce-button--style-outline-icon-inner\"><span class=\"vce-button--style-outline-icon-text\">Rooms<\/span><span class=\"vce-button--style-outline-icon-icon vcv-ui-icon-material vcv-ui-icon-material-arrow_forward\"><\/span><\/span><\/a><\/div><\/div><\/div><\/div><div class=\"vce-col vce-col--md-1-3 vce-col--xs-1 vce-col--xs-last vce-col--xs-first vce-col--sm-last vce-col--sm-first\" id=\"el-a7a0c7b0\"><div class=\"vce-col-inner\" data-vce-do-apply=\"border margin background  el-a7a0c7b0\"><div class=\"vce-col-content\" data-vce-element-content=\"true\" data-vce-do-apply=\"padding el-a7a0c7b0\"><div class=\"vce-button--style-outline-icon-container vce strech\" id=\"el-43348fad\" data-vce-do-apply=\"margin el-43348fad\" style=\"--alignment: left; --borderColor: #e3e3e3; --color: #e3e3e3; --hoverBackground: #3d3d3d; --hoverColorAnimated: #fff;\"><a class=\"vce-button vce-button--style-outline-icon-animated vce-button--style-outline-icon--border-square\" href=\"https:\/\/www.kopphuette.at\/kulinarik-private-feiern\/\" title=\"\" data-vce-do-apply=\"padding border background  el-43348fad\"><span class=\"vce-button--style-outline-icon-inner\"><span class=\"vce-button--style-outline-icon-text\">Cuisine<\/span><span class=\"vce-button--style-outline-icon-icon vcv-ui-icon-material vcv-ui-icon-material-arrow_forward\"><\/span><\/span><\/a><\/div><\/div><\/div><\/div><div class=\"vce-col vce-col--md-1-3 vce-col--xs-1 vce-col--xs-last vce-col--xs-first vce-col--sm-last vce-col--sm-first vce-col--md-last vce-col--lg-last vce-col--xl-last\" id=\"el-f8588c92\"><div class=\"vce-col-inner\" data-vce-do-apply=\"border margin background  el-f8588c92\"><div class=\"vce-col-content\" data-vce-element-content=\"true\" data-vce-do-apply=\"padding el-f8588c92\"><div class=\"vce-button--style-outline-icon-container vce strech\" id=\"el-4718aa8f\" data-vce-do-apply=\"margin el-4718aa8f\" style=\"--alignment: left; --borderColor: #e3e3e3; --color: #e3e3e3; --hoverBackground: #3d3d3d; --hoverColorAnimated: #fff;\"><a class=\"vce-button vce-button--style-outline-icon-animated vce-button--style-outline-icon--border-square\" href=\"https:\/\/www.kopphuette.at\/lage\/\" title=\"\" data-vce-do-apply=\"padding border background  el-4718aa8f\"><span class=\"vce-button--style-outline-icon-inner\"><span class=\"vce-button--style-outline-icon-text\">Unique location<\/span><span class=\"vce-button--style-outline-icon-icon vcv-ui-icon-material vcv-ui-icon-material-arrow_forward\"><\/span><\/span><\/a><\/div><\/div><\/div><\/div><\/div><\/div><\/div>\n","protected":false},"excerpt":{"rendered":"<p>Panorama spaat the Alpengasthof Kopph\u00fctte Relax &amp; breathe deeply with a view of the summitsYou will find a wonderful balance for body and soul in our spacious panoramic spa area at the Alpengasthof Kopph\u00fctte. After hiking, relax your muscles in the warmth of the infrared cabin sauna, breathe freely in the aroma steam bath with [&hellip;]<\/p>\n","protected":false},"author":1,"featured_media":2438,"parent":0,"menu_order":6,"comment_status":"closed","ping_status":"closed","template":"","meta":{"_acf_changed":false,"footnotes":""},"class_list":["post-1740","page","type-page","status-publish","has-post-thumbnail","hentry"],"acf":[],"yoast_head":"<!-- This site is optimized with the Yoast SEO plugin v27.0 - https:\/\/yoast.com\/product\/yoast-seo-wordpress\/ -->\n<title>Panorama spa at the Alpengasthof &amp; Hotel am Hochk\u00f6nig, Kopph\u00fctte<\/title>\n<meta name=\"description\" content=\"Enjoy the wonderful spa area with mountain view: aroma steam bath, pine sauna, infrared cabin sauna, heated benches, spacious relaxation room, loungers...\" \/>\n<meta name=\"robots\" content=\"index, follow, max-snippet:-1, max-image-preview:large, max-video-preview:-1\" \/>\n<link rel=\"canonical\" href=\"https:\/\/www.kopphuette.at\/en\/spa\/\" \/>\n<meta property=\"og:locale\" content=\"en_US\" \/>\n<meta property=\"og:type\" content=\"article\" \/>\n<meta property=\"og:title\" content=\"Panorama spa at the Alpengasthof &amp; Hotel am Hochk\u00f6nig, Kopph\u00fctte\" \/>\n<meta property=\"og:description\" content=\"Enjoy the wonderful spa area with mountain view: aroma steam bath, pine sauna, infrared cabin sauna, heated benches, spacious relaxation room, loungers...\" \/>\n<meta property=\"og:url\" content=\"https:\/\/www.kopphuette.at\/en\/spa\/\" \/>\n<meta property=\"og:site_name\" content=\"Alpengasthof &amp; Hotel Kopph\u00fctte\" \/>\n<meta property=\"article:modified_time\" content=\"2024-12-05T19:14:23+00:00\" \/>\n<meta property=\"og:image\" content=\"https:\/\/www.kopphuette.at\/wp-content\/uploads\/wellness-alpengasthof-hotel-kopphuette-muehlbach-7.jpg\" \/>\n\t<meta property=\"og:image:width\" content=\"1920\" \/>\n\t<meta property=\"og:image:height\" content=\"900\" \/>\n\t<meta property=\"og:image:type\" content=\"image\/jpeg\" \/>\n<meta name=\"twitter:card\" content=\"summary_large_image\" \/>\n<meta name=\"twitter:label1\" content=\"Est. reading time\" \/>\n\t<meta name=\"twitter:data1\" content=\"1 minute\" \/>\n<script type=\"application\/ld+json\" class=\"yoast-schema-graph\">{\"@context\":\"https:\/\/schema.org\",\"@graph\":[{\"@type\":\"WebPage\",\"@id\":\"https:\/\/www.kopphuette.at\/en\/spa\/\",\"url\":\"https:\/\/www.kopphuette.at\/en\/spa\/\",\"name\":\"Panorama spa at the Alpengasthof & Hotel am Hochk\u00f6nig, Kopph\u00fctte\",\"isPartOf\":{\"@id\":\"https:\/\/www.kopphuette.at\/en\/#website\"},\"primaryImageOfPage\":{\"@id\":\"https:\/\/www.kopphuette.at\/en\/spa\/#primaryimage\"},\"image\":{\"@id\":\"https:\/\/www.kopphuette.at\/en\/spa\/#primaryimage\"},\"thumbnailUrl\":\"https:\/\/www.kopphuette.at\/wp-content\/uploads\/wellness-alpengasthof-hotel-kopphuette-muehlbach-7.jpg\",\"datePublished\":\"2020-01-15T16:03:09+00:00\",\"dateModified\":\"2024-12-05T19:14:23+00:00\",\"description\":\"Enjoy the wonderful spa area with mountain view: aroma steam bath, pine sauna, infrared cabin sauna, heated benches, spacious relaxation room, loungers...\",\"breadcrumb\":{\"@id\":\"https:\/\/www.kopphuette.at\/en\/spa\/#breadcrumb\"},\"inLanguage\":\"en-US\",\"potentialAction\":[{\"@type\":\"ReadAction\",\"target\":[\"https:\/\/www.kopphuette.at\/en\/spa\/\"]}]},{\"@type\":\"ImageObject\",\"inLanguage\":\"en-US\",\"@id\":\"https:\/\/www.kopphuette.at\/en\/spa\/#primaryimage\",\"url\":\"https:\/\/www.kopphuette.at\/wp-content\/uploads\/wellness-alpengasthof-hotel-kopphuette-muehlbach-7.jpg\",\"contentUrl\":\"https:\/\/www.kopphuette.at\/wp-content\/uploads\/wellness-alpengasthof-hotel-kopphuette-muehlbach-7.jpg\",\"width\":1920,\"height\":900,\"caption\":\"Wellness - Alpengasthof & Hotel Kopph\u00fctte in M\u00fchlbach am Hochk\u00f6nig\"},{\"@type\":\"BreadcrumbList\",\"@id\":\"https:\/\/www.kopphuette.at\/en\/spa\/#breadcrumb\",\"itemListElement\":[{\"@type\":\"ListItem\",\"position\":1,\"name\":\"Startseite\",\"item\":\"https:\/\/www.kopphuette.at\/en\/\"},{\"@type\":\"ListItem\",\"position\":2,\"name\":\"Spa\"}]},{\"@type\":\"WebSite\",\"@id\":\"https:\/\/www.kopphuette.at\/en\/#website\",\"url\":\"https:\/\/www.kopphuette.at\/en\/\",\"name\":\"Alpengasthof &amp; Hotel Kopph\u00fctte\",\"description\":\"Zimmer in M\u00fchlbach am Hochk\u00f6nig\",\"potentialAction\":[{\"@type\":\"SearchAction\",\"target\":{\"@type\":\"EntryPoint\",\"urlTemplate\":\"https:\/\/www.kopphuette.at\/en\/?s={search_term_string}\"},\"query-input\":{\"@type\":\"PropertyValueSpecification\",\"valueRequired\":true,\"valueName\":\"search_term_string\"}}],\"inLanguage\":\"en-US\"}]}<\/script>\n<!-- \/ Yoast SEO plugin. -->","yoast_head_json":{"title":"Panorama spa at the Alpengasthof & Hotel am Hochk\u00f6nig, Kopph\u00fctte","description":"Enjoy the wonderful spa area with mountain view: aroma steam bath, pine sauna, infrared cabin sauna, heated benches, spacious relaxation room, loungers...","robots":{"index":"index","follow":"follow","max-snippet":"max-snippet:-1","max-image-preview":"max-image-preview:large","max-video-preview":"max-video-preview:-1"},"canonical":"https:\/\/www.kopphuette.at\/en\/spa\/","og_locale":"en_US","og_type":"article","og_title":"Panorama spa at the Alpengasthof & Hotel am Hochk\u00f6nig, Kopph\u00fctte","og_description":"Enjoy the wonderful spa area with mountain view: aroma steam bath, pine sauna, infrared cabin sauna, heated benches, spacious relaxation room, loungers...","og_url":"https:\/\/www.kopphuette.at\/en\/spa\/","og_site_name":"Alpengasthof &amp; Hotel Kopph\u00fctte","article_modified_time":"2024-12-05T19:14:23+00:00","og_image":[{"width":1920,"height":900,"url":"https:\/\/www.kopphuette.at\/wp-content\/uploads\/wellness-alpengasthof-hotel-kopphuette-muehlbach-7.jpg","type":"image\/jpeg"}],"twitter_card":"summary_large_image","twitter_misc":{"Est. reading time":"1 minute"},"schema":{"@context":"https:\/\/schema.org","@graph":[{"@type":"WebPage","@id":"https:\/\/www.kopphuette.at\/en\/spa\/","url":"https:\/\/www.kopphuette.at\/en\/spa\/","name":"Panorama spa at the Alpengasthof & Hotel am Hochk\u00f6nig, Kopph\u00fctte","isPartOf":{"@id":"https:\/\/www.kopphuette.at\/en\/#website"},"primaryImageOfPage":{"@id":"https:\/\/www.kopphuette.at\/en\/spa\/#primaryimage"},"image":{"@id":"https:\/\/www.kopphuette.at\/en\/spa\/#primaryimage"},"thumbnailUrl":"https:\/\/www.kopphuette.at\/wp-content\/uploads\/wellness-alpengasthof-hotel-kopphuette-muehlbach-7.jpg","datePublished":"2020-01-15T16:03:09+00:00","dateModified":"2024-12-05T19:14:23+00:00","description":"Enjoy the wonderful spa area with mountain view: aroma steam bath, pine sauna, infrared cabin sauna, heated benches, spacious relaxation room, loungers...","breadcrumb":{"@id":"https:\/\/www.kopphuette.at\/en\/spa\/#breadcrumb"},"inLanguage":"en-US","potentialAction":[{"@type":"ReadAction","target":["https:\/\/www.kopphuette.at\/en\/spa\/"]}]},{"@type":"ImageObject","inLanguage":"en-US","@id":"https:\/\/www.kopphuette.at\/en\/spa\/#primaryimage","url":"https:\/\/www.kopphuette.at\/wp-content\/uploads\/wellness-alpengasthof-hotel-kopphuette-muehlbach-7.jpg","contentUrl":"https:\/\/www.kopphuette.at\/wp-content\/uploads\/wellness-alpengasthof-hotel-kopphuette-muehlbach-7.jpg","width":1920,"height":900,"caption":"Wellness - Alpengasthof & Hotel Kopph\u00fctte in M\u00fchlbach am Hochk\u00f6nig"},{"@type":"BreadcrumbList","@id":"https:\/\/www.kopphuette.at\/en\/spa\/#breadcrumb","itemListElement":[{"@type":"ListItem","position":1,"name":"Startseite","item":"https:\/\/www.kopphuette.at\/en\/"},{"@type":"ListItem","position":2,"name":"Spa"}]},{"@type":"WebSite","@id":"https:\/\/www.kopphuette.at\/en\/#website","url":"https:\/\/www.kopphuette.at\/en\/","name":"Alpengasthof &amp; Hotel Kopph\u00fctte","description":"Zimmer in M\u00fchlbach am Hochk\u00f6nig","potentialAction":[{"@type":"SearchAction","target":{"@type":"EntryPoint","urlTemplate":"https:\/\/www.kopphuette.at\/en\/?s={search_term_string}"},"query-input":{"@type":"PropertyValueSpecification","valueRequired":true,"valueName":"search_term_string"}}],"inLanguage":"en-US"}]}},"_links":{"self":[{"href":"https:\/\/www.kopphuette.at\/en\/wp-json\/wp\/v2\/pages\/1740","targetHints":{"allow":["GET"]}}],"collection":[{"href":"https:\/\/www.kopphuette.at\/en\/wp-json\/wp\/v2\/pages"}],"about":[{"href":"https:\/\/www.kopphuette.at\/en\/wp-json\/wp\/v2\/types\/page"}],"author":[{"embeddable":true,"href":"https:\/\/www.kopphuette.at\/en\/wp-json\/wp\/v2\/users\/1"}],"replies":[{"embeddable":true,"href":"https:\/\/www.kopphuette.at\/en\/wp-json\/wp\/v2\/comments?post=1740"}],"version-history":[{"count":0,"href":"https:\/\/www.kopphuette.at\/en\/wp-json\/wp\/v2\/pages\/1740\/revisions"}],"wp:featuredmedia":[{"embeddable":true,"href":"https:\/\/www.kopphuette.at\/en\/wp-json\/wp\/v2\/media\/2438"}],"wp:attachment":[{"href":"https:\/\/www.kopphuette.at\/en\/wp-json\/wp\/v2\/media?parent=1740"}],"curies":[{"name":"wp","href":"https:\/\/api.w.org\/{rel}","templated":true}]}}