{"id":1741,"date":"2020-01-15T17:02:54","date_gmt":"2020-01-15T16:02:54","guid":{"rendered":"http:\/\/kopphuette.at.w01a26f7.kasserver.com\/kulinarik-private-feiern\/"},"modified":"2024-12-05T20:10:50","modified_gmt":"2024-12-05T19:10:50","slug":"cuisine-celebrations","status":"publish","type":"page","link":"https:\/\/www.kopphuette.at\/en\/cuisine-celebrations\/","title":{"rendered":"Cuisine &amp; Celebrations"},"content":{"rendered":"<div class=\"vce-row-container\" data-vce-boxed-width=\"true\"><div class=\"vce-row vce-row--col-gap-129 vce-row-wrap--reverse einleitung vce-row-equal-height vce-row-content--middle\" id=\"el-7004477f\" data-vce-do-apply=\"all el-7004477f\"><div class=\"vce-row-content\" data-vce-element-content=\"true\"><div class=\"vce-col vce-col--xs-100p vce-col--xs-visible vce-col--xs-last vce-col--xs-first vce-col--sm-100p vce-col--sm-visible vce-col--sm-last vce-col--sm-first vce-col--md-100p vce-col--md-visible vce-col--md-last vce-col--md-first vce-col--lg-100p vce-col--lg-visible vce-col--lg-last vce-col--lg-first vce-col--xl-40-29p vce-col--xl-visible vce-col--xl-first einleitung-image  \" id=\"el-32fe7b03\"><div class=\"vce-col-inner\" data-vce-do-apply=\"border margin background  el-32fe7b03\"><div class=\"vce-col-content\" data-vce-element-content=\"true\" data-vce-do-apply=\"padding el-32fe7b03\"><div class=\"vce-row-container\" data-vce-boxed-width=\"true\"><div class=\"vce-row vce-row--col-gap-30 vce-row-content--top\" id=\"el-b8a92816\" data-vce-do-apply=\"all el-b8a92816\"><div class=\"vce-row-content\" data-vce-element-content=\"true\"><div class=\"vce-col vce-col--xs-100p vce-col--xs-visible vce-col--xs-last vce-col--xs-first vce-col--sm-100p vce-col--sm-visible vce-col--sm-last vce-col--sm-first vce-col--md-50p vce-col--md-visible vce-col--md-first vce-col--lg-50p vce-col--lg-visible vce-col--lg-first vce-col--xl-100p vce-col--xl-visible vce-col--xl-last vce-col--xl-first\" id=\"el-12eb8ca9\"><div class=\"vce-col-inner\" data-vce-do-apply=\"border margin background  el-12eb8ca9\"><div class=\"vce-col-content\" data-vce-element-content=\"true\" data-vce-do-apply=\"padding el-12eb8ca9\"><div class=\"vce-single-image-container vce-single-image--align-left\"><div class=\"vce vce-single-image-wrapper\" id=\"el-74686b60\" data-vce-do-apply=\"all el-74686b60\"><figure><div class=\"vce-single-image-figure-inner\" style=\"width: 735px;\"><a href=\"https:\/\/www.kopphuette.at\/wp-content\/uploads\/kulinarik-kopphuette-muehlbach-hochkoenig-5.jpg\" data-lightbox=\"lightbox-74686b60\" class=\"vce-single-image-inner vce-single-image--absolute\" style=\"width: 100%; padding-bottom: 66.6667%;\"><img decoding=\"async\" class=\"vce-single-image\"  width=\"735\" height=\"490\" srcset=\"https:\/\/www.kopphuette.at\/wp-content\/uploads\/kulinarik-kopphuette-muehlbach-hochkoenig-5-735x490.jpg 735w, https:\/\/www.kopphuette.at\/wp-content\/uploads\/kulinarik-kopphuette-muehlbach-hochkoenig-5-480x320.jpg 480w, https:\/\/www.kopphuette.at\/wp-content\/uploads\/kulinarik-kopphuette-muehlbach-hochkoenig-5-320x213.jpg 320w, https:\/\/www.kopphuette.at\/wp-content\/uploads\/kulinarik-kopphuette-muehlbach-hochkoenig-5-800x533.jpg 800w\" src=\"https:\/\/www.kopphuette.at\/wp-content\/uploads\/kulinarik-kopphuette-muehlbach-hochkoenig-5-735x490.jpg\" data-img-src=\"https:\/\/www.kopphuette.at\/wp-content\/uploads\/kulinarik-kopphuette-muehlbach-hochkoenig-5.jpg\" data-attachment-id=\"2422\"  alt=\"Kulinarik im Alpengasthof &amp; Hotel Kopph\u00fctte\" title=\"kulinarik-kopphuette-muehlbach-hochkoenig-5\" \/><\/a><\/div><figcaption hidden=\"\"><\/figcaption><\/figure><\/div><\/div><\/div><\/div><\/div><div class=\"vce-col vce-col--xs-100p vce-col--xs-visible vce-col--xs-last vce-col--xs-first vce-col--sm-100p vce-col--sm-visible vce-col--sm-last vce-col--sm-first vce-col--md-50p vce-col--md-visible vce-col--md-last vce-col--lg-50p vce-col--lg-visible vce-col--lg-last vce-col--xl-100p vce-col--xl-visible vce-col--xl-last vce-col--xl-first\" id=\"el-ec9a65ff\"><div class=\"vce-col-inner\" data-vce-do-apply=\"border margin background  el-ec9a65ff\"><div class=\"vce-col-content\" data-vce-element-content=\"true\" data-vce-do-apply=\"padding el-ec9a65ff\"><div class=\"vce-single-image-container vce-single-image--align-left\"><div class=\"vce vce-single-image-wrapper\" id=\"el-5ed80a07\" data-vce-do-apply=\"all el-5ed80a07\"><figure><div class=\"vce-single-image-figure-inner\" style=\"width: 735px;\"><a href=\"https:\/\/www.kopphuette.at\/wp-content\/uploads\/kulinarik-kopphuette-muehlbach-hochkoenig-12.jpg\" data-lightbox=\"lightbox-5ed80a07\" class=\"vce-single-image-inner vce-single-image--absolute\" style=\"width: 100%; padding-bottom: 66.6667%;\"><img decoding=\"async\" class=\"vce-single-image\"  width=\"735\" height=\"490\" srcset=\"https:\/\/www.kopphuette.at\/wp-content\/uploads\/kulinarik-kopphuette-muehlbach-hochkoenig-12-735x490.jpg 735w, https:\/\/www.kopphuette.at\/wp-content\/uploads\/kulinarik-kopphuette-muehlbach-hochkoenig-12-480x320.jpg 480w, https:\/\/www.kopphuette.at\/wp-content\/uploads\/kulinarik-kopphuette-muehlbach-hochkoenig-12-320x213.jpg 320w, https:\/\/www.kopphuette.at\/wp-content\/uploads\/kulinarik-kopphuette-muehlbach-hochkoenig-12-800x533.jpg 800w\" src=\"https:\/\/www.kopphuette.at\/wp-content\/uploads\/kulinarik-kopphuette-muehlbach-hochkoenig-12-735x490.jpg\" data-img-src=\"https:\/\/www.kopphuette.at\/wp-content\/uploads\/kulinarik-kopphuette-muehlbach-hochkoenig-12.jpg\" data-attachment-id=\"2434\"  alt=\"Kulinarik im Alpengasthof &amp; Hotel Kopph\u00fctte\" title=\"kulinarik-kopphuette-muehlbach-hochkoenig-12\" \/><\/a><\/div><figcaption hidden=\"\"><\/figcaption><\/figure><\/div><\/div><\/div><\/div><\/div><\/div><\/div><\/div><\/div><\/div><\/div><div class=\"vce-col vce-col--xs-100p vce-col--xs-visible vce-col--xs-last vce-col--xs-first vce-col--sm-100p vce-col--sm-visible vce-col--sm-last vce-col--sm-first vce-col--md-100p vce-col--md-visible vce-col--md-last vce-col--md-first vce-col--lg-100p vce-col--lg-visible vce-col--lg-last vce-col--lg-first vce-col--xl-59-70p vce-col--xl-visible vce-col--xl-last\" id=\"el-f0bb7490\"><div class=\"vce-col-inner\" data-vce-do-apply=\"border margin background  el-f0bb7490\"><div class=\"vce-content-background-container\"><\/div><div class=\"vce-col-content\" data-vce-element-content=\"true\" data-vce-do-apply=\"padding el-f0bb7490\"><div class=\"vce-row-container\" data-vce-boxed-width=\"true\"><div class=\"vce-row vce-row--col-gap-30 vce-row-content--middle\" id=\"el-1d940cc1\" data-vce-do-apply=\"all el-1d940cc1\"><div class=\"vce-row-content\" data-vce-element-content=\"true\"><div class=\"vce-col vce-col--md-100p vce-col--xs-1 vce-col--xs-last vce-col--xs-first vce-col--sm-last vce-col--sm-first vce-col--md-last vce-col--lg-last vce-col--xl-last vce-col--md-first vce-col--lg-first vce-col--xl-first\" id=\"el-9555bdec\"><div class=\"vce-col-inner\" data-vce-do-apply=\"border margin background  el-9555bdec\"><div class=\"vce-col-content\" data-vce-element-content=\"true\" data-vce-do-apply=\"padding el-9555bdec\"><div class=\"vce-text-block\"><div class=\"vce-text-block-wrapper vce\" id=\"el-56a4fc85\" data-vce-do-apply=\"all el-56a4fc85\"><h1>Alpine Inn &amp; Mountain Restaurant<br>in M\u00fchlbach am Hochk\u00f6nig<\/h1>\n<h2>Tasty treats for house guests, day visitors &amp; celebrations<\/h2><\/div><\/div><\/div><\/div><\/div><div class=\"vce-col vce-col--md-auto vce-col--xs-1 vce-col--xs-last vce-col--xs-first vce-col--sm-last vce-col--sm-first vce-col--md-last vce-col--lg-last vce-col--xl-last vce-col--md-first vce-col--lg-first vce-col--xl-first\" id=\"el-6b105d86\"><div class=\"vce-col-inner\" data-vce-do-apply=\"border margin background  el-6b105d86\"><div class=\"vce-col-content\" data-vce-element-content=\"true\" data-vce-do-apply=\"padding el-6b105d86\"><div class=\"vce-text-block\"><div class=\"vce-text-block-wrapper vce\" id=\"el-c1743ad9\" data-vce-do-apply=\"all el-c1743ad9\"><p>Whether on the sun terrace or in the cosy snug - enjoy the taste of <strong>regional and international delicacies plus home-made cakes<\/strong> here at the <a href=\"\/en\/\">Alpengasthof Kopph\u00fctte<\/a>. Our <strong>pamper half board<\/strong> leaves nothing to desire: starting off with the <strong>extensive breakfast buffet<\/strong> with home-made produce and muesli corner, continuing with <strong>packed lunches<\/strong> <strong>and sweet buffet<\/strong> in the afternoon, and finishing with the <strong>3-course evening meal<\/strong>. Here you can choose daily from three main dishes, plus we spoil you with a varied soup and salad buffet. To round off you can choose a dessert: how about a quark stroudel, a creamy strawberry ice cream or fresh fruit? Coffee or fruit schnaps? In summer and winter you can enjoy <strong>additional culinary highlights weekly<\/strong> at our <strong>mountain restaurant in M\u00fchlbach<\/strong> am Hochk\u00f6nig.<\/p><\/div><\/div><\/div><\/div><\/div><\/div><\/div><\/div><\/div><\/div><\/div><\/div><\/div><\/div><div class=\"vce-row-container\" data-vce-boxed-width=\"true\"><div class=\"vce-row vce-row--col-gap-30 schmal vce-row-content--top\" id=\"el-5c1abd32\" data-vce-do-apply=\"all el-5c1abd32\"><div class=\"vce-row-content\" data-vce-element-content=\"true\"><div class=\"vce-col vce-col--md-auto vce-col--xs-1 vce-col--xs-last vce-col--xs-first vce-col--sm-last vce-col--sm-first vce-col--md-last vce-col--lg-last vce-col--xl-last vce-col--md-first vce-col--lg-first vce-col--xl-first\" id=\"el-a54edab3\"><div class=\"vce-col-inner\" data-vce-do-apply=\"border margin background  el-a54edab3\"><div class=\"vce-col-content\" data-vce-element-content=\"true\" data-vce-do-apply=\"padding el-a54edab3\"><div class=\"vce-text-block\"><div class=\"vce-text-block-wrapper vce\" id=\"el-b2faefd1\" data-vce-do-apply=\"all el-b2faefd1\"><h3 style=\"text-align: center;\">Pamper half board<\/h3>\n<h4 style=\"text-align: center;\">cuisine on your holiday in M\u00fchlbach am Hochk\u00f6nig<\/h4><\/div><\/div><div class=\"vce-text-block\"><div class=\"vce-text-block-wrapper vce\" id=\"el-4d093b86\" data-vce-do-apply=\"all el-4d093b86\"><ul>\n<li><strong>Extensive breakfast buffet<\/strong>: home-made jams, fresh bread &amp; rolls, muesli corner<\/li>\n<li><strong>Hikers' snack\/packed lunch<\/strong> - self-service from the breakfast buffet<\/li>\n<li>In the afternoon:<strong> sweet buffet<\/strong> with coffee, tea &amp; hot chocolate<\/li>\n<li><strong>3-course evening menu<\/strong> with soup &amp; salad buffet, choice of three main dishes (one vegetarian\/vegan), choice of dessert&nbsp;<\/li>\n<li>In summer: rustic barbecue evening (due to the weather)<\/li>\n<\/ul><\/div><\/div><div class=\"vce-text-block\"><div class=\"vce-text-block-wrapper vce\" id=\"el-97bf1f86\" data-vce-do-apply=\"all el-97bf1f86\"><p><strong>Please note<\/strong>: during the summer season our restaurant is only open for house guests. We are closed for day visitors, however, we offer the opportunity to book our breakfast buffet (8.00 am \u2013 10.00 am) plus our evening menu for house guests (6.00 pm \u2013 7.00 pm).<\/p><\/div><\/div><\/div><\/div><\/div><\/div><\/div><\/div><div class=\"vce-row-container\" data-vce-boxed-width=\"true\"><div class=\"vce-row vce-row--col-gap-10 vce-row-content--top\" id=\"el-abf17818\" data-vce-do-apply=\"all el-abf17818\"><div class=\"vce-row-content\" data-vce-element-content=\"true\"><div class=\"vce-col vce-col--md-auto vce-col--xs-1 vce-col--xs-last vce-col--xs-first vce-col--sm-last vce-col--sm-first vce-col--md-first vce-col--lg-first vce-col--xl-first\" id=\"el-68406aa7\"><div class=\"vce-col-inner\" data-vce-do-apply=\"border margin background  el-68406aa7\"><div class=\"vce-col-content\" data-vce-element-content=\"true\" data-vce-do-apply=\"padding el-68406aa7\"><div class=\"vce-single-image-container vce-single-image--align-left\"><div class=\"vce vce-single-image-wrapper\" id=\"el-80c76c69\" data-vce-do-apply=\"all el-80c76c69\"><figure><div class=\"vce-single-image-figure-inner\" style=\"width: 480px;\"><a href=\"https:\/\/www.kopphuette.at\/wp-content\/uploads\/kulinarik-kopphuette-muehlbach-hochkoenig-6.jpg\" data-lightbox=\"lightbox-80c76c69\" class=\"vce-single-image-inner vce-single-image--absolute\" style=\"width: 100%; padding-bottom: 66.6667%;\"><img decoding=\"async\" class=\"vce-single-image\"  width=\"480\" height=\"320\" srcset=\"https:\/\/www.kopphuette.at\/wp-content\/uploads\/\/kulinarik-kopphuette-muehlbach-hochkoenig-6-480x320.jpg 480w, https:\/\/www.kopphuette.at\/wp-content\/uploads\/\/kulinarik-kopphuette-muehlbach-hochkoenig-6-320x213.jpg 320w, https:\/\/www.kopphuette.at\/wp-content\/uploads\/\/kulinarik-kopphuette-muehlbach-hochkoenig-6-800x533.jpg 800w, https:\/\/www.kopphuette.at\/wp-content\/uploads\/kulinarik-kopphuette-muehlbach-hochkoenig-6-960x640.jpg 2x\" src=\"https:\/\/www.kopphuette.at\/wp-content\/uploads\/\/kulinarik-kopphuette-muehlbach-hochkoenig-6-480x320.jpg\" data-img-src=\"https:\/\/www.kopphuette.at\/wp-content\/uploads\/kulinarik-kopphuette-muehlbach-hochkoenig-6.jpg\" data-attachment-id=\"2423\"  alt=\"Kulinarik im Alpengasthof &amp; Hotel Kopph\u00fctte\" title=\"Kulinarik im Alpengasthof &amp; Hotel Kopph\u00fctte\" \/><\/a><\/div><figcaption>Kulinarik Kopphuette Muehlbach Hochkoenig 6<\/figcaption><\/figure><\/div><\/div><\/div><\/div><\/div><div class=\"vce-col vce-col--md-auto vce-col--xs-1 vce-col--xs-last vce-col--xs-first vce-col--sm-last vce-col--sm-first\" id=\"el-967ddd10\"><div class=\"vce-col-inner\" data-vce-do-apply=\"border margin background  el-967ddd10\"><div class=\"vce-col-content\" data-vce-element-content=\"true\" data-vce-do-apply=\"padding el-967ddd10\"><div class=\"vce-single-image-container vce-single-image--align-left\"><div class=\"vce vce-single-image-wrapper\" id=\"el-cff7bd8f\" data-vce-do-apply=\"all el-cff7bd8f\"><figure><div class=\"vce-single-image-figure-inner\" style=\"width: 480px;\"><a href=\"https:\/\/www.kopphuette.at\/wp-content\/uploads\/kulinarik-kopphuette-muehlbach-hochkoenig-10.jpg\" data-lightbox=\"lightbox-cff7bd8f\" class=\"vce-single-image-inner vce-single-image--absolute\" style=\"width: 100%; padding-bottom: 66.6667%;\"><img decoding=\"async\" class=\"vce-single-image\"  width=\"480\" height=\"320\" srcset=\"https:\/\/www.kopphuette.at\/wp-content\/uploads\/\/kulinarik-kopphuette-muehlbach-hochkoenig-10-480x320.jpg 480w, https:\/\/www.kopphuette.at\/wp-content\/uploads\/\/kulinarik-kopphuette-muehlbach-hochkoenig-10-320x213.jpg 320w, https:\/\/www.kopphuette.at\/wp-content\/uploads\/\/kulinarik-kopphuette-muehlbach-hochkoenig-10-800x533.jpg 800w, https:\/\/www.kopphuette.at\/wp-content\/uploads\/kulinarik-kopphuette-muehlbach-hochkoenig-10-960x640.jpg 2x\" src=\"https:\/\/www.kopphuette.at\/wp-content\/uploads\/\/kulinarik-kopphuette-muehlbach-hochkoenig-10-480x320.jpg\" data-img-src=\"https:\/\/www.kopphuette.at\/wp-content\/uploads\/kulinarik-kopphuette-muehlbach-hochkoenig-10.jpg\" data-attachment-id=\"2429\"  alt=\"Kulinarik im Alpengasthof &amp; Hotel Kopph\u00fctte\" title=\"Kulinarik im Alpengasthof &amp; Hotel Kopph\u00fctte\" \/><\/a><\/div><figcaption>Kulinarik Kopphuette Muehlbach Hochkoenig 10<\/figcaption><\/figure><\/div><\/div><\/div><\/div><\/div><div class=\"vce-col vce-col--md-auto vce-col--xs-1 vce-col--xs-last vce-col--xs-first vce-col--sm-last vce-col--sm-first vce-col--md-last vce-col--lg-last vce-col--xl-last\" id=\"el-bde35993\"><div class=\"vce-col-inner\" data-vce-do-apply=\"border margin background  el-bde35993\"><div class=\"vce-col-content\" data-vce-element-content=\"true\" data-vce-do-apply=\"padding el-bde35993\"><div class=\"vce-single-image-container vce-single-image--align-left\"><div class=\"vce vce-single-image-wrapper\" id=\"el-b1146c47\" data-vce-do-apply=\"all el-b1146c47\"><figure><div class=\"vce-single-image-figure-inner\" style=\"width: 480px;\"><a href=\"https:\/\/www.kopphuette.at\/wp-content\/uploads\/kulinarik-kopphuette-muehlbach-hochkoenig-9.jpg\" data-lightbox=\"lightbox-b1146c47\" class=\"vce-single-image-inner vce-single-image--absolute\" style=\"width: 100%; padding-bottom: 66.6667%;\"><img decoding=\"async\" class=\"vce-single-image\"  width=\"480\" height=\"320\" srcset=\"https:\/\/www.kopphuette.at\/wp-content\/uploads\/\/kulinarik-kopphuette-muehlbach-hochkoenig-9-480x320.jpg 480w, https:\/\/www.kopphuette.at\/wp-content\/uploads\/\/kulinarik-kopphuette-muehlbach-hochkoenig-9-320x213.jpg 320w, https:\/\/www.kopphuette.at\/wp-content\/uploads\/\/kulinarik-kopphuette-muehlbach-hochkoenig-9-800x533.jpg 800w, https:\/\/www.kopphuette.at\/wp-content\/uploads\/kulinarik-kopphuette-muehlbach-hochkoenig-9-960x640.jpg 2x\" src=\"https:\/\/www.kopphuette.at\/wp-content\/uploads\/\/kulinarik-kopphuette-muehlbach-hochkoenig-9-480x320.jpg\" data-img-src=\"https:\/\/www.kopphuette.at\/wp-content\/uploads\/kulinarik-kopphuette-muehlbach-hochkoenig-9.jpg\" data-attachment-id=\"2427\"  alt=\"Kulinarik im Alpengasthof &amp; Hotel Kopph\u00fctte\" title=\"Kulinarik im Alpengasthof &amp; Hotel Kopph\u00fctte\" \/><\/a><\/div><figcaption>Kulinarik Kopphuette Muehlbach Hochkoenig 9<\/figcaption><\/figure><\/div><\/div><\/div><\/div><\/div><\/div><\/div><\/div>\n","protected":false},"excerpt":{"rendered":"<p>Alpine Inn &amp; Mountain Restaurantin M\u00fchlbach am Hochk\u00f6nig Tasty treats for house guests, day visitors &amp; celebrationsWhether on the sun terrace or in the cosy snug &#8211; enjoy the taste of regional and international delicacies plus home-made cakes here at the Alpengasthof Kopph\u00fctte. Our pamper half board leaves nothing to desire: starting off with the [&hellip;]<\/p>\n","protected":false},"author":1,"featured_media":2426,"parent":0,"menu_order":6,"comment_status":"closed","ping_status":"closed","template":"","meta":{"_acf_changed":false,"footnotes":""},"class_list":["post-1741","page","type-page","status-publish","has-post-thumbnail","hentry"],"acf":[],"yoast_head":"<!-- This site is optimized with the Yoast SEO plugin v27.0 - https:\/\/yoast.com\/product\/yoast-seo-wordpress\/ -->\n<title>Cuisine &amp; private celebrations in M\u00fchlbach am Hochk\u00f6nig, Alpengasthof<\/title>\n<meta name=\"description\" content=\"Our house guests savour our pamper half board. The Kopph\u00fctte is also a unique location for events &amp; celebrations for up to 60 persons.\" \/>\n<meta name=\"robots\" content=\"index, follow, max-snippet:-1, max-image-preview:large, max-video-preview:-1\" \/>\n<link rel=\"canonical\" href=\"https:\/\/www.kopphuette.at\/en\/cuisine-celebrations\/\" \/>\n<meta property=\"og:locale\" content=\"en_US\" \/>\n<meta property=\"og:type\" content=\"article\" \/>\n<meta property=\"og:title\" content=\"Cuisine &amp; private celebrations in M\u00fchlbach am Hochk\u00f6nig, Alpengasthof\" \/>\n<meta property=\"og:description\" content=\"Our house guests savour our pamper half board. The Kopph\u00fctte is also a unique location for events &amp; celebrations for up to 60 persons.\" \/>\n<meta property=\"og:url\" content=\"https:\/\/www.kopphuette.at\/en\/cuisine-celebrations\/\" \/>\n<meta property=\"og:site_name\" content=\"Alpengasthof &amp; Hotel Kopph\u00fctte\" \/>\n<meta property=\"article:modified_time\" content=\"2024-12-05T19:10:50+00:00\" \/>\n<meta property=\"og:image\" content=\"https:\/\/www.kopphuette.at\/wp-content\/uploads\/kulinarik-kopphuette-muehlbach-hochkoenig-8.jpg\" \/>\n\t<meta property=\"og:image:width\" content=\"1920\" \/>\n\t<meta property=\"og:image:height\" content=\"900\" \/>\n\t<meta property=\"og:image:type\" content=\"image\/jpeg\" \/>\n<meta name=\"twitter:card\" content=\"summary_large_image\" \/>\n<meta name=\"twitter:label1\" content=\"Est. reading time\" \/>\n\t<meta name=\"twitter:data1\" content=\"1 minute\" \/>\n<script type=\"application\/ld+json\" class=\"yoast-schema-graph\">{\"@context\":\"https:\/\/schema.org\",\"@graph\":[{\"@type\":\"WebPage\",\"@id\":\"https:\/\/www.kopphuette.at\/en\/cuisine-celebrations\/\",\"url\":\"https:\/\/www.kopphuette.at\/en\/cuisine-celebrations\/\",\"name\":\"Cuisine & private celebrations in M\u00fchlbach am Hochk\u00f6nig, Alpengasthof\",\"isPartOf\":{\"@id\":\"https:\/\/www.kopphuette.at\/en\/#website\"},\"primaryImageOfPage\":{\"@id\":\"https:\/\/www.kopphuette.at\/en\/cuisine-celebrations\/#primaryimage\"},\"image\":{\"@id\":\"https:\/\/www.kopphuette.at\/en\/cuisine-celebrations\/#primaryimage\"},\"thumbnailUrl\":\"https:\/\/www.kopphuette.at\/wp-content\/uploads\/kulinarik-kopphuette-muehlbach-hochkoenig-8.jpg\",\"datePublished\":\"2020-01-15T16:02:54+00:00\",\"dateModified\":\"2024-12-05T19:10:50+00:00\",\"description\":\"Our house guests savour our pamper half board. The Kopph\u00fctte is also a unique location for events & celebrations for up to 60 persons.\",\"breadcrumb\":{\"@id\":\"https:\/\/www.kopphuette.at\/en\/cuisine-celebrations\/#breadcrumb\"},\"inLanguage\":\"en-US\",\"potentialAction\":[{\"@type\":\"ReadAction\",\"target\":[\"https:\/\/www.kopphuette.at\/en\/cuisine-celebrations\/\"]}]},{\"@type\":\"ImageObject\",\"inLanguage\":\"en-US\",\"@id\":\"https:\/\/www.kopphuette.at\/en\/cuisine-celebrations\/#primaryimage\",\"url\":\"https:\/\/www.kopphuette.at\/wp-content\/uploads\/kulinarik-kopphuette-muehlbach-hochkoenig-8.jpg\",\"contentUrl\":\"https:\/\/www.kopphuette.at\/wp-content\/uploads\/kulinarik-kopphuette-muehlbach-hochkoenig-8.jpg\",\"width\":1920,\"height\":900,\"caption\":\"Kulinarik im Alpengasthof & Hotel Kopph\u00fctte\"},{\"@type\":\"BreadcrumbList\",\"@id\":\"https:\/\/www.kopphuette.at\/en\/cuisine-celebrations\/#breadcrumb\",\"itemListElement\":[{\"@type\":\"ListItem\",\"position\":1,\"name\":\"Startseite\",\"item\":\"https:\/\/www.kopphuette.at\/en\/\"},{\"@type\":\"ListItem\",\"position\":2,\"name\":\"Cuisine &amp; Celebrations\"}]},{\"@type\":\"WebSite\",\"@id\":\"https:\/\/www.kopphuette.at\/en\/#website\",\"url\":\"https:\/\/www.kopphuette.at\/en\/\",\"name\":\"Alpengasthof &amp; Hotel Kopph\u00fctte\",\"description\":\"Zimmer in M\u00fchlbach am Hochk\u00f6nig\",\"potentialAction\":[{\"@type\":\"SearchAction\",\"target\":{\"@type\":\"EntryPoint\",\"urlTemplate\":\"https:\/\/www.kopphuette.at\/en\/?s={search_term_string}\"},\"query-input\":{\"@type\":\"PropertyValueSpecification\",\"valueRequired\":true,\"valueName\":\"search_term_string\"}}],\"inLanguage\":\"en-US\"}]}<\/script>\n<!-- \/ Yoast SEO plugin. -->","yoast_head_json":{"title":"Cuisine & private celebrations in M\u00fchlbach am Hochk\u00f6nig, Alpengasthof","description":"Our house guests savour our pamper half board. The Kopph\u00fctte is also a unique location for events & celebrations for up to 60 persons.","robots":{"index":"index","follow":"follow","max-snippet":"max-snippet:-1","max-image-preview":"max-image-preview:large","max-video-preview":"max-video-preview:-1"},"canonical":"https:\/\/www.kopphuette.at\/en\/cuisine-celebrations\/","og_locale":"en_US","og_type":"article","og_title":"Cuisine & private celebrations in M\u00fchlbach am Hochk\u00f6nig, Alpengasthof","og_description":"Our house guests savour our pamper half board. The Kopph\u00fctte is also a unique location for events & celebrations for up to 60 persons.","og_url":"https:\/\/www.kopphuette.at\/en\/cuisine-celebrations\/","og_site_name":"Alpengasthof &amp; Hotel Kopph\u00fctte","article_modified_time":"2024-12-05T19:10:50+00:00","og_image":[{"width":1920,"height":900,"url":"https:\/\/www.kopphuette.at\/wp-content\/uploads\/kulinarik-kopphuette-muehlbach-hochkoenig-8.jpg","type":"image\/jpeg"}],"twitter_card":"summary_large_image","twitter_misc":{"Est. reading time":"1 minute"},"schema":{"@context":"https:\/\/schema.org","@graph":[{"@type":"WebPage","@id":"https:\/\/www.kopphuette.at\/en\/cuisine-celebrations\/","url":"https:\/\/www.kopphuette.at\/en\/cuisine-celebrations\/","name":"Cuisine & private celebrations in M\u00fchlbach am Hochk\u00f6nig, Alpengasthof","isPartOf":{"@id":"https:\/\/www.kopphuette.at\/en\/#website"},"primaryImageOfPage":{"@id":"https:\/\/www.kopphuette.at\/en\/cuisine-celebrations\/#primaryimage"},"image":{"@id":"https:\/\/www.kopphuette.at\/en\/cuisine-celebrations\/#primaryimage"},"thumbnailUrl":"https:\/\/www.kopphuette.at\/wp-content\/uploads\/kulinarik-kopphuette-muehlbach-hochkoenig-8.jpg","datePublished":"2020-01-15T16:02:54+00:00","dateModified":"2024-12-05T19:10:50+00:00","description":"Our house guests savour our pamper half board. The Kopph\u00fctte is also a unique location for events & celebrations for up to 60 persons.","breadcrumb":{"@id":"https:\/\/www.kopphuette.at\/en\/cuisine-celebrations\/#breadcrumb"},"inLanguage":"en-US","potentialAction":[{"@type":"ReadAction","target":["https:\/\/www.kopphuette.at\/en\/cuisine-celebrations\/"]}]},{"@type":"ImageObject","inLanguage":"en-US","@id":"https:\/\/www.kopphuette.at\/en\/cuisine-celebrations\/#primaryimage","url":"https:\/\/www.kopphuette.at\/wp-content\/uploads\/kulinarik-kopphuette-muehlbach-hochkoenig-8.jpg","contentUrl":"https:\/\/www.kopphuette.at\/wp-content\/uploads\/kulinarik-kopphuette-muehlbach-hochkoenig-8.jpg","width":1920,"height":900,"caption":"Kulinarik im Alpengasthof & Hotel Kopph\u00fctte"},{"@type":"BreadcrumbList","@id":"https:\/\/www.kopphuette.at\/en\/cuisine-celebrations\/#breadcrumb","itemListElement":[{"@type":"ListItem","position":1,"name":"Startseite","item":"https:\/\/www.kopphuette.at\/en\/"},{"@type":"ListItem","position":2,"name":"Cuisine &amp; Celebrations"}]},{"@type":"WebSite","@id":"https:\/\/www.kopphuette.at\/en\/#website","url":"https:\/\/www.kopphuette.at\/en\/","name":"Alpengasthof &amp; Hotel Kopph\u00fctte","description":"Zimmer in M\u00fchlbach am Hochk\u00f6nig","potentialAction":[{"@type":"SearchAction","target":{"@type":"EntryPoint","urlTemplate":"https:\/\/www.kopphuette.at\/en\/?s={search_term_string}"},"query-input":{"@type":"PropertyValueSpecification","valueRequired":true,"valueName":"search_term_string"}}],"inLanguage":"en-US"}]}},"_links":{"self":[{"href":"https:\/\/www.kopphuette.at\/en\/wp-json\/wp\/v2\/pages\/1741","targetHints":{"allow":["GET"]}}],"collection":[{"href":"https:\/\/www.kopphuette.at\/en\/wp-json\/wp\/v2\/pages"}],"about":[{"href":"https:\/\/www.kopphuette.at\/en\/wp-json\/wp\/v2\/types\/page"}],"author":[{"embeddable":true,"href":"https:\/\/www.kopphuette.at\/en\/wp-json\/wp\/v2\/users\/1"}],"replies":[{"embeddable":true,"href":"https:\/\/www.kopphuette.at\/en\/wp-json\/wp\/v2\/comments?post=1741"}],"version-history":[{"count":0,"href":"https:\/\/www.kopphuette.at\/en\/wp-json\/wp\/v2\/pages\/1741\/revisions"}],"wp:featuredmedia":[{"embeddable":true,"href":"https:\/\/www.kopphuette.at\/en\/wp-json\/wp\/v2\/media\/2426"}],"wp:attachment":[{"href":"https:\/\/www.kopphuette.at\/en\/wp-json\/wp\/v2\/media?parent=1741"}],"curies":[{"name":"wp","href":"https:\/\/api.w.org\/{rel}","templated":true}]}}