{"id":1744,"date":"2018-09-26T16:56:30","date_gmt":"2018-09-26T14:56:30","guid":{"rendered":"http:\/\/kopphuette.at.w01a26f7.kasserver.com\/inhaltsverzeichnis\/"},"modified":"2020-02-15T20:51:48","modified_gmt":"2020-02-15T19:51:48","slug":"contents","status":"publish","type":"page","link":"https:\/\/www.kopphuette.at\/en\/contents\/","title":{"rendered":"Contents"},"content":{"rendered":"\r\n<div class=\"vce-row-container\">\r\n<div id=\"el-b43ece0b\" class=\"vce-row vce-row--col-gap-30 vce-row-columns--top vce-row-content--top\" data-vce-do-apply=\"all el-b43ece0b\">\r\n<div class=\"vce-row-content\" data-vce-element-content=\"true\">\r\n<div id=\"el-f7dcde69\" class=\"vce-col vce-col--md-100p vce-col--xs-1 vce-col--xs-last vce-col--xs-first vce-col--sm-last vce-col--sm-first vce-col--md-last vce-col--lg-last vce-col--xl-last vce-col--md-first vce-col--lg-first vce-col--xl-first\" data-vce-do-apply=\"background border el-f7dcde69\">\r\n<div class=\"vce-col-inner\" data-vce-element-content=\"true\" data-vce-do-apply=\"padding margin el-f7dcde69\">\r\n<div class=\"vce-text-block\">\r\n<div id=\"el-a5abdb70\" class=\"vce-text-block-wrapper vce\" data-vce-do-apply=\"all el-a5abdb70\">\r\n<h2>Inhaltsverzeichnis<\/h2>\r\n<\/div>\r\n<\/div>\r\n<\/div>\r\n<\/div>\r\n<\/div>\r\n<\/div>\r\n<\/div>\r\n<div class=\"vce-row-container\">\r\n<div id=\"el-da185876\" class=\"vce-row vce-row--col-gap-30 vce-row-columns--top vce-row-content--top\" data-vce-do-apply=\"all el-da185876\">\r\n<div class=\"vce-row-content\" data-vce-element-content=\"true\">\r\n<div id=\"el-ee13eaf2\" class=\"vce-col vce-col--md-auto vce-col--xs-1 vce-col--xs-last vce-col--xs-first vce-col--sm-last vce-col--sm-first vce-col--md-last vce-col--lg-last vce-col--xl-last vce-col--md-first vce-col--lg-first vce-col--xl-first\" data-vce-do-apply=\"background border el-ee13eaf2\">\r\n<div class=\"vce-col-inner\" data-vce-element-content=\"true\" data-vce-do-apply=\"padding margin el-ee13eaf2\">\r\n<div class=\"vce-text-block\">\r\n<div id=\"el-892b7a0e\" class=\"vce-text-block-wrapper vce\" data-vce-do-apply=\"all el-892b7a0e\">\r\n\r\n<div id=\"wp-realtime-sitemap-pages\"><h3>Pages<\/h3><ul><li class=\"page_item page-item-1735\"><a href=\"https:\/\/www.kopphuette.at\/en\/book-online\/\">Book Online<\/a><\/li>\n<li class=\"page_item page-item-1743\"><a href=\"https:\/\/www.kopphuette.at\/en\/contact\/\">Contact &amp; Arrival<\/a><\/li>\n<li class=\"page_item page-item-1744\"><a href=\"https:\/\/www.kopphuette.at\/en\/contents\/\">Contents<\/a><\/li>\n<li class=\"page_item page-item-1741\"><a href=\"https:\/\/www.kopphuette.at\/en\/cuisine-celebrations\/\">Cuisine &amp; Celebrations<\/a><\/li>\n<li class=\"page_item page-item-1747\"><a href=\"https:\/\/www.kopphuette.at\/en\/\">Home<\/a><\/li>\n<li class=\"page_item page-item-1734\"><a href=\"https:\/\/www.kopphuette.at\/en\/hotel-reviews\/\">Hotel Reviews<\/a><\/li>\n<li class=\"page_item page-item-1736\"><a href=\"https:\/\/www.kopphuette.at\/en\/make-an-enquiry\/\">Make an Enquiry<\/a><\/li>\n<li class=\"page_item page-item-1731\"><a href=\"https:\/\/www.kopphuette.at\/en\/prices-availability\/\">Prices &#038; Availability<\/a><\/li>\n<li class=\"page_item page-item-1746\"><a href=\"https:\/\/www.kopphuette.at\/en\/privacy-policy\/\">Privacy Policy<\/a><\/li>\n<li class=\"page_item page-item-1738\"><a href=\"https:\/\/www.kopphuette.at\/en\/rooms-hotel-hochkoenig\/\">Rooms for 1 \u2013 4 persons<\/a><\/li>\n<li class=\"page_item page-item-1730\"><a href=\"https:\/\/www.kopphuette.at\/en\/sightseeing-salzburger-land\/\">Sightseeing<\/a><\/li>\n<li class=\"page_item page-item-1740\"><a href=\"https:\/\/www.kopphuette.at\/en\/spa\/\">Spa<\/a><\/li>\n<li class=\"page_item page-item-1733\"><a href=\"https:\/\/www.kopphuette.at\/en\/holiday-hochkoenig\/\">Summer Holiday<\/a><\/li>\n<li class=\"page_item page-item-1745\"><a href=\"https:\/\/www.kopphuette.at\/en\/terms\/\">Terms<\/a><\/li>\n<li class=\"page_item page-item-1739\"><a href=\"https:\/\/www.kopphuette.at\/en\/tradition\/\">Tradition<\/a><\/li>\n<li class=\"page_item page-item-1742\"><a href=\"https:\/\/www.kopphuette.at\/en\/unique-location\/\">Unique Location<\/a><\/li>\n<li class=\"page_item page-item-1737\"><a href=\"https:\/\/www.kopphuette.at\/en\/useful-information\/\">Useful Information<\/a><\/li>\n<li class=\"page_item page-item-1732\"><a href=\"https:\/\/www.kopphuette.at\/en\/winter-ski-holiday-hochkoenig\/\">Winter Holiday<\/a><\/li>\n<\/ul><\/div>\r\n\r\n<\/div>\r\n<\/div>\r\n<\/div>\r\n<\/div>\r\n<\/div>\r\n<\/div>\r\n<\/div>\r\n\n","protected":false},"excerpt":{"rendered":"<p>Inhaltsverzeichnis<\/p>\n","protected":false},"author":1,"featured_media":0,"parent":0,"menu_order":6,"comment_status":"closed","ping_status":"closed","template":"page-noheader.php","meta":{"_acf_changed":false,"footnotes":""},"class_list":["post-1744","page","type-page","status-publish","hentry"],"acf":[],"yoast_head":"<!-- This site is optimized with the Yoast SEO plugin v27.0 - https:\/\/yoast.com\/product\/yoast-seo-wordpress\/ -->\n<title>Contents - Alpengasthof &amp; Hotel Kopph\u00fctte<\/title>\n<meta name=\"robots\" content=\"index, follow, max-snippet:-1, max-image-preview:large, max-video-preview:-1\" \/>\n<link rel=\"canonical\" href=\"https:\/\/www.kopphuette.at\/en\/contents\/\" \/>\n<meta property=\"og:locale\" content=\"en_US\" \/>\n<meta property=\"og:type\" content=\"article\" \/>\n<meta property=\"og:title\" content=\"Contents - Alpengasthof &amp; Hotel Kopph\u00fctte\" \/>\n<meta property=\"og:description\" content=\"Inhaltsverzeichnis\" \/>\n<meta property=\"og:url\" content=\"https:\/\/www.kopphuette.at\/en\/contents\/\" \/>\n<meta property=\"og:site_name\" content=\"Alpengasthof &amp; Hotel Kopph\u00fctte\" \/>\n<meta property=\"article:modified_time\" content=\"2020-02-15T19:51:48+00:00\" \/>\n<meta property=\"og:image\" content=\"https:\/\/www.kopphuette.at\/wp-content\/uploads\/alpengasthof-hotel-muehlbach-hochkoenig-kopphuette-1.jpg\" \/>\n\t<meta property=\"og:image:width\" content=\"1920\" \/>\n\t<meta property=\"og:image:height\" content=\"1250\" \/>\n\t<meta property=\"og:image:type\" content=\"image\/jpeg\" \/>\n<meta name=\"twitter:card\" content=\"summary_large_image\" \/>\n<script type=\"application\/ld+json\" class=\"yoast-schema-graph\">{\"@context\":\"https:\/\/schema.org\",\"@graph\":[{\"@type\":\"WebPage\",\"@id\":\"https:\/\/www.kopphuette.at\/en\/contents\/\",\"url\":\"https:\/\/www.kopphuette.at\/en\/contents\/\",\"name\":\"Contents - Alpengasthof &amp; Hotel Kopph\u00fctte\",\"isPartOf\":{\"@id\":\"https:\/\/www.kopphuette.at\/en\/#website\"},\"datePublished\":\"2018-09-26T14:56:30+00:00\",\"dateModified\":\"2020-02-15T19:51:48+00:00\",\"breadcrumb\":{\"@id\":\"https:\/\/www.kopphuette.at\/en\/contents\/#breadcrumb\"},\"inLanguage\":\"en-US\",\"potentialAction\":[{\"@type\":\"ReadAction\",\"target\":[\"https:\/\/www.kopphuette.at\/en\/contents\/\"]}]},{\"@type\":\"BreadcrumbList\",\"@id\":\"https:\/\/www.kopphuette.at\/en\/contents\/#breadcrumb\",\"itemListElement\":[{\"@type\":\"ListItem\",\"position\":1,\"name\":\"Startseite\",\"item\":\"https:\/\/www.kopphuette.at\/en\/\"},{\"@type\":\"ListItem\",\"position\":2,\"name\":\"Contents\"}]},{\"@type\":\"WebSite\",\"@id\":\"https:\/\/www.kopphuette.at\/en\/#website\",\"url\":\"https:\/\/www.kopphuette.at\/en\/\",\"name\":\"Alpengasthof &amp; Hotel Kopph\u00fctte\",\"description\":\"Zimmer in M\u00fchlbach am Hochk\u00f6nig\",\"potentialAction\":[{\"@type\":\"SearchAction\",\"target\":{\"@type\":\"EntryPoint\",\"urlTemplate\":\"https:\/\/www.kopphuette.at\/en\/?s={search_term_string}\"},\"query-input\":{\"@type\":\"PropertyValueSpecification\",\"valueRequired\":true,\"valueName\":\"search_term_string\"}}],\"inLanguage\":\"en-US\"}]}<\/script>\n<!-- \/ Yoast SEO plugin. -->","yoast_head_json":{"title":"Contents - Alpengasthof &amp; Hotel Kopph\u00fctte","robots":{"index":"index","follow":"follow","max-snippet":"max-snippet:-1","max-image-preview":"max-image-preview:large","max-video-preview":"max-video-preview:-1"},"canonical":"https:\/\/www.kopphuette.at\/en\/contents\/","og_locale":"en_US","og_type":"article","og_title":"Contents - Alpengasthof &amp; Hotel Kopph\u00fctte","og_description":"Inhaltsverzeichnis","og_url":"https:\/\/www.kopphuette.at\/en\/contents\/","og_site_name":"Alpengasthof &amp; Hotel Kopph\u00fctte","article_modified_time":"2020-02-15T19:51:48+00:00","og_image":[{"width":1920,"height":1250,"url":"https:\/\/www.kopphuette.at\/wp-content\/uploads\/alpengasthof-hotel-muehlbach-hochkoenig-kopphuette-1.jpg","type":"image\/jpeg"}],"twitter_card":"summary_large_image","schema":{"@context":"https:\/\/schema.org","@graph":[{"@type":"WebPage","@id":"https:\/\/www.kopphuette.at\/en\/contents\/","url":"https:\/\/www.kopphuette.at\/en\/contents\/","name":"Contents - Alpengasthof &amp; Hotel Kopph\u00fctte","isPartOf":{"@id":"https:\/\/www.kopphuette.at\/en\/#website"},"datePublished":"2018-09-26T14:56:30+00:00","dateModified":"2020-02-15T19:51:48+00:00","breadcrumb":{"@id":"https:\/\/www.kopphuette.at\/en\/contents\/#breadcrumb"},"inLanguage":"en-US","potentialAction":[{"@type":"ReadAction","target":["https:\/\/www.kopphuette.at\/en\/contents\/"]}]},{"@type":"BreadcrumbList","@id":"https:\/\/www.kopphuette.at\/en\/contents\/#breadcrumb","itemListElement":[{"@type":"ListItem","position":1,"name":"Startseite","item":"https:\/\/www.kopphuette.at\/en\/"},{"@type":"ListItem","position":2,"name":"Contents"}]},{"@type":"WebSite","@id":"https:\/\/www.kopphuette.at\/en\/#website","url":"https:\/\/www.kopphuette.at\/en\/","name":"Alpengasthof &amp; Hotel Kopph\u00fctte","description":"Zimmer in M\u00fchlbach am Hochk\u00f6nig","potentialAction":[{"@type":"SearchAction","target":{"@type":"EntryPoint","urlTemplate":"https:\/\/www.kopphuette.at\/en\/?s={search_term_string}"},"query-input":{"@type":"PropertyValueSpecification","valueRequired":true,"valueName":"search_term_string"}}],"inLanguage":"en-US"}]}},"_links":{"self":[{"href":"https:\/\/www.kopphuette.at\/en\/wp-json\/wp\/v2\/pages\/1744","targetHints":{"allow":["GET"]}}],"collection":[{"href":"https:\/\/www.kopphuette.at\/en\/wp-json\/wp\/v2\/pages"}],"about":[{"href":"https:\/\/www.kopphuette.at\/en\/wp-json\/wp\/v2\/types\/page"}],"author":[{"embeddable":true,"href":"https:\/\/www.kopphuette.at\/en\/wp-json\/wp\/v2\/users\/1"}],"replies":[{"embeddable":true,"href":"https:\/\/www.kopphuette.at\/en\/wp-json\/wp\/v2\/comments?post=1744"}],"version-history":[{"count":0,"href":"https:\/\/www.kopphuette.at\/en\/wp-json\/wp\/v2\/pages\/1744\/revisions"}],"wp:attachment":[{"href":"https:\/\/www.kopphuette.at\/en\/wp-json\/wp\/v2\/media?parent=1744"}],"curies":[{"name":"wp","href":"https:\/\/api.w.org\/{rel}","templated":true}]}}