{"id":1745,"date":"2018-09-26T16:25:50","date_gmt":"2018-09-26T14:25:50","guid":{"rendered":"http:\/\/kopphuette.at.w01a26f7.kasserver.com\/impressum\/"},"modified":"2024-10-07T15:29:21","modified_gmt":"2024-10-07T13:29:21","slug":"terms","status":"publish","type":"page","link":"https:\/\/www.kopphuette.at\/en\/terms\/","title":{"rendered":"Terms"},"content":{"rendered":"<div class=\"vce-row-container\" data-vce-boxed-width=\"true\"><div class=\"vce-row vce-row--col-gap-30 schmal vce-row-content--top\" id=\"el-cf65e1e0\" data-vce-do-apply=\"all el-cf65e1e0\"><div class=\"vce-row-content\" data-vce-element-content=\"true\"><div class=\"vce-col vce-col--md-auto vce-col--xs-1 vce-col--xs-last vce-col--xs-first vce-col--sm-last vce-col--sm-first vce-col--md-last vce-col--lg-last vce-col--xl-last vce-col--md-first vce-col--lg-first vce-col--xl-first\" id=\"el-4bb79a9a\"><div class=\"vce-col-inner\" data-vce-do-apply=\"border margin background  el-4bb79a9a\"><div class=\"vce-col-content\" data-vce-element-content=\"true\" data-vce-do-apply=\"padding el-4bb79a9a\"><div class=\"vce-text-block\"><div class=\"vce-text-block-wrapper vce\" id=\"el-7e1fa3b5\" data-vce-do-apply=\"all el-7e1fa3b5\"><h1>Terms<\/h1><\/div><\/div><div class=\"vce-row-container\" data-vce-boxed-width=\"true\"><div class=\"vce-row vce-row--col-gap-30 vce-row-content--top\" id=\"el-a9e65c6e\" data-vce-do-apply=\"all el-a9e65c6e\"><div class=\"vce-row-content\" data-vce-element-content=\"true\"><div class=\"vce-col vce-col--md-auto vce-col--xs-1 vce-col--xs-last vce-col--xs-first vce-col--sm-last vce-col--sm-first vce-col--md-first vce-col--lg-first vce-col--xl-first\" id=\"el-8e70fa76\"><div class=\"vce-col-inner\" data-vce-do-apply=\"border margin background  el-8e70fa76\"><div class=\"vce-col-content\" data-vce-element-content=\"true\" data-vce-do-apply=\"padding el-8e70fa76\"><div class=\"vce-text-block\"><div class=\"vce-text-block-wrapper vce\" id=\"el-af219d2f\" data-vce-do-apply=\"all el-af219d2f\"><h4>Website operator<\/h4><\/div><\/div><div class=\"vce-text-block\"><div class=\"vce-text-block-wrapper vce\" id=\"el-c2a78218\" data-vce-do-apply=\"all el-c2a78218\"><p>Alpengasthof Kopph\u00fctte<\/p>\n<p>The Singer Family<\/p>\n<p>M\u00fchlbach 188<\/p>\n<p>A-5505 M\u00fchlbach<\/p>\n<p>Tel. <a href=\"tel:+4364677264\">+43 6467 7264<\/a><\/p>\n<p>Fax +43 6467 72648<\/p>\n<p><a href=\"mailto:office@kopphuette.at\">send email<\/a><\/p>\n<p>UID-Nummer: ATU 68306718<\/p><\/div><\/div><div class=\"vce-text-block\"><div class=\"vce-text-block-wrapper vce\" id=\"el-9c025f6a\" data-vce-do-apply=\"all el-9c025f6a\"><p><a href=\"https:\/\/firmen.wko.at\/Web\/DetailsKontakt.aspx?FirmaID=40d62c9a-c226-48ab-885f-4b14785aa584&amp;StandortID=1339&amp;StandortName=M%c3%bchlbach+am+Hochk%c3%b6nig+(Gemeinde)&amp;Suchbegriff=singer&amp;Page=1\" target=\"_blank\" rel=\"noopener\"><img decoding=\"async\" class=\"alignnone wp-image-560 size-medium\" src=\"https:\/\/www.kopphuette.at\/wp-content\/uploads\/wko-logo-300x45.jpg\" alt=\"Wko Logo\" width=\"300\" height=\"45\" srcset=\"https:\/\/www.kopphuette.at\/wp-content\/uploads\/wko-logo-300x45.jpg 300w, https:\/\/www.kopphuette.at\/wp-content\/uploads\/wko-logo-735x110.jpg 735w, https:\/\/www.kopphuette.at\/wp-content\/uploads\/wko-logo-480x72.jpg 480w, https:\/\/www.kopphuette.at\/wp-content\/uploads\/wko-logo-280x42.jpg 280w, https:\/\/www.kopphuette.at\/wp-content\/uploads\/wko-logo-768x115.jpg 768w, https:\/\/www.kopphuette.at\/wp-content\/uploads\/wko-logo.jpg 1000w\" sizes=\"(max-width: 300px) 100vw, 300px\" \/><\/a><\/p><\/div><\/div><\/div><\/div><\/div><div class=\"vce-col vce-col--md-auto vce-col--xs-1 vce-col--xs-last vce-col--xs-first vce-col--sm-last vce-col--sm-first\" id=\"el-b6282f48\"><div class=\"vce-col-inner\" data-vce-do-apply=\"border margin background  el-b6282f48\"><div class=\"vce-col-content\" data-vce-element-content=\"true\" data-vce-do-apply=\"padding el-b6282f48\"><div class=\"vce-text-block\"><div class=\"vce-text-block-wrapper vce\" id=\"el-acf9b2fd\" data-vce-do-apply=\"all el-acf9b2fd\"><h4>photo credits<\/h4><\/div><\/div><div class=\"vce-text-block\"><div class=\"vce-text-block-wrapper vce\" id=\"el-205e747e\" data-vce-do-apply=\"all el-205e747e\"><p>Nadia Jabli Photography<\/p>\n<p>Hochk\u00f6nig Tourismus GmbH<\/p>\n<p>SalzburgerLand Tourismus, SalzburgerLand Tourismus\/Michael Gro\u0308\u00dfinger<\/p>\n<p>Privat<\/p>\n<p>Shutterstock<\/p><\/div><\/div><\/div><\/div><\/div><div class=\"vce-col vce-col--md-auto vce-col--xs-1 vce-col--xs-last vce-col--xs-first vce-col--sm-last vce-col--sm-first vce-col--md-last vce-col--lg-last vce-col--xl-last\" id=\"el-76f5a858\"><div class=\"vce-col-inner\" data-vce-do-apply=\"border margin background  el-76f5a858\"><div class=\"vce-col-content\" data-vce-element-content=\"true\" data-vce-do-apply=\"padding el-76f5a858\"><div class=\"vce-text-block\"><div class=\"vce-text-block-wrapper vce\" id=\"el-6a7978dd\" data-vce-do-apply=\"all el-6a7978dd\"><h4>concept, Web design &amp; technical implementation<\/h4><\/div><\/div><div class=\"vce-text-block\"><div class=\"vce-text-block-wrapper vce\" id=\"el-feeca867\" data-vce-do-apply=\"all el-feeca867\"><p>IMPULS Werbeagentur OG<\/p>\n<p>Stadtplatz 11<\/p>\n<p>A-5550 Radstadt<\/p>\n<div class=\"vc_row wpb_row vc_row-fluid\">\n<div class=\"wpb_column vc_column_container vc_col-sm-4\">\n<div class=\"vc_column-inner \">\n<div class=\"wpb_wrapper\">\n<div class=\"wpb_text_column wpb_content_element \">\n<div class=\"wpb_wrapper\">\n<p><a href=\"http:\/\/www.impuls-werbeagentur.at\/\" target=\"_blank\" rel=\"noopener noreferrer\">www.impuls-werbeagentur.at<\/a><\/p>\n<\/div>\n<\/div>\n<\/div>\n<\/div>\n<\/div>\n<\/div><\/div><\/div><\/div><\/div><\/div><\/div><\/div><\/div><div class=\"vce-text-block\"><div class=\"vce-text-block-wrapper vce\" id=\"el-11c1b18c\" data-vce-do-apply=\"all el-11c1b18c\"><p>This website was created by <a href=\"http:\/\/www.impuls-werbeagentur.at\/\" target=\"_blank\" rel=\"noopener noreferrer\">IMPULS - a full-service advertising agengy<\/a> from Radstadt in the Pongau region of Salzburg. The agency is passionate about creating and implementing effective <a href=\"http:\/\/www.impuls-werbeagentur.at\/#leistungen\" target=\"_blank\" rel=\"noopener noreferrer\">online-showcases<\/a> for <a href=\"http:\/\/www.impuls-werbeagentur.at\/#agentur\" target=\"_blank\" rel=\"noopener noreferrer\">businesses<\/a> in <a href=\"http:\/\/www.impuls-werbeagentur.at\/#agentur\" target=\"_blank\" rel=\"noopener noreferrer\">tourism<\/a>, the <a href=\"http:\/\/www.impuls-werbeagentur.at\/#agentur\" target=\"_blank\" rel=\"noopener noreferrer\">restaurant industry<\/a>, c<a href=\"http:\/\/www.impuls-werbeagentur.at\/#agentur\" target=\"_blank\" rel=\"noopener noreferrer\">ommerce &amp; skilled trades &amp; crafts<\/a>. IMPULS also provides clients with <a href=\"http:\/\/www.impuls-werbeagentur.at\/#leistungen\" target=\"_blank\" rel=\"noopener noreferrer\">print solutions<\/a> such as stationery requirements, classified ads, catalogues, brochures and fly-posters. In addition, the Pongau advertising agency offers expertise in the fields of <a href=\"http:\/\/www.impuls-werbeagentur.at\/#leistungen\" target=\"_blank\" rel=\"noopener noreferrer\">search engine optimisation<\/a>, <a href=\"http:\/\/www.impuls-werbeagentur.at\/#leistungen\" target=\"_blank\" rel=\"noopener noreferrer\">web shops<\/a>, <a href=\"http:\/\/www.impuls-werbeagentur.at\/#leistungen\" target=\"_blank\" rel=\"noopener noreferrer\">social marketing<\/a>, <a href=\"http:\/\/www.impuls-werbeagentur.at\/#leistungen\" target=\"_blank\" rel=\"noopener noreferrer\">corporate design<\/a> and <a href=\"http:\/\/www.impuls-werbeagentur.at\/#leistungen\" target=\"_blank\" rel=\"noopener noreferrer\">outdoor media<\/a>. Take a look at their customer references in the areas of <a href=\"http:\/\/www.impuls-werbeagentur.at\/websites\/\" target=\"_blank\" rel=\"noopener noreferrer\">online solutions<\/a>, <a href=\"http:\/\/www.impuls-werbeagentur.at\/drucksorten\/\" target=\"_blank\" rel=\"noopener noreferrer\">print solutions<\/a> and <a href=\"http:\/\/www.impuls-werbeagentur.at\/logos\/\" target=\"_blank\" rel=\"noopener noreferrer\">logos<\/a>, and see the excellent quality they guarantee.<\/p><\/div><\/div><\/div><\/div><\/div><\/div><\/div><\/div><div class=\"vce-row-container\" data-vce-boxed-width=\"true\"><div class=\"vce-row vce-row--col-gap-30 schmal vce-row-content--top\" id=\"el-654b22e5\" data-vce-do-apply=\"all el-654b22e5\"><div class=\"vce-row-content\" data-vce-element-content=\"true\"><div class=\"vce-col vce-col--md-auto vce-col--xs-1 vce-col--xs-last vce-col--xs-first vce-col--sm-last vce-col--sm-first vce-col--md-last vce-col--lg-last vce-col--xl-last vce-col--md-first vce-col--lg-first vce-col--xl-first\" id=\"el-37db6587\"><div class=\"vce-col-inner\" data-vce-do-apply=\"border margin background  el-37db6587\"><div class=\"vce-col-content\" data-vce-element-content=\"true\" data-vce-do-apply=\"padding el-37db6587\"><div class=\"vce-text-block\"><div class=\"vce-text-block-wrapper vce\" id=\"el-c857084d\" data-vce-do-apply=\"all el-c857084d\"><h3>Exclusion of liability<\/h3><\/div><\/div><div class=\"vce-text-block\"><div class=\"vce-text-block-wrapper vce\" id=\"el-1a866ef3\" data-vce-do-apply=\"all el-1a866ef3\"><p><strong>Online content<\/strong><\/p>\n<p>The author accepts no responsibility for the topicality, correctness, completeness or quality of the information provided. Liability claims against the author which refer to damages of material or immaterial nature caused by use or disuse of the presented information or by the use of faulty and incomplete information are excluded, unless the author is intentional or grossly negligent. All offers are non-binding and without obligation. The author expressly reserves the right to change parts of the pages or the entire offer without separate announcement, to supplement, to delete or cease publication temporarily or permanently.<\/p>\n<p>&nbsp;<\/p>\n<p><strong>Direct and indirect links <\/strong><\/p>\n<p>As regards direct and indirect links to third-party websites \u2013 for which the author of this website bears no responsibility \u2013 liability can only be shown to exist if the author of this website can be proven to have knowledge of the third-party content, and if he can be proven to possess the technical possibilities, and be considered reasonable, for the author to prevent access to content of a questionable or illegal nature. The author of this website hereby explicitly declares that at the time when the links were installed, he\/she was not aware of any unsuitable or illegal content on the linked sites. The author of this site has no influence on the present and future design, content or authorship of linked sites or pages. Consequently, the author distances himself\/herself explicitly from any content changed on linked pages or sites since the installation of the link. This statement applies to all links and suggested reading within the overall online offering of this website, and to third-party contributions in visitor books, forums and mailing lists set up by the author. The provider of the linked third-party site is solely responsible for illegal, erroneous or incomplete content on that website, and particularly for damage caused by the use, or failure to use, such information as presented. The person who merely installs the links to such published content may not be held responsible for the content to which they lead.<\/p>\n<p>&nbsp;<\/p>\n<p><strong>Authorship, copyrights and labelling law<\/strong><\/p>\n<p>The author shall endeavour to respect the rights of the originator, trademarks and copyrights, for all texts, images, audio files or video sequences, in all publications \u2013 and, furthermore, to use texts, images, audio files or video sequences he\/she has produced himself\/herself, or to use texts, images, audio files and video sequences licensed for general public use. All brands and trademarks featured on the website, and those protected by third parties, are \u2013 in their entirety \u2013 subject to the provisions of the respectively valid and applicable copyrights and trademark legislation, and to the rights of ownership of the registered owner. The conclusion must not be drawn that the mere labelling or naming guarantees exoneration from the consequences of possible third-party brand, copyright and trademark protection! Copyrights for content created and subsequently published by the website author remain solely within his\/her domain. Copying or use of any such texts, images, audio files or video sequences, in any other digital or printed publications, is strictly forbidden without the explicit permission of the author\/originator.<\/p>\n<p>&nbsp;<\/p>\n<p><strong>Legal efficacy of this exclusion of liability<\/strong><\/p>\n<p>This exclusion of liability is integral to \u2013 and applicable to \u2013 the content of all online offerings on this website. Regardless of whether part of, or the wording of, this text does not comply with current legal provisions, no longer does so, or does not do so in its entirety, this shall not affect its validity for the remaining content of the document.<\/p>\n<p>&nbsp;<\/p>\n<p><strong>W3C<\/strong><\/p>\n<p>This website was created in compliance with W3C guidelines.<\/p>\n<p>&nbsp;<\/p><\/div><\/div><\/div><\/div><\/div><\/div><\/div><\/div>\n","protected":false},"excerpt":{"rendered":"<p>TermsWebsite operatorAlpengasthof Kopph\u00fctte The Singer Family M\u00fchlbach 188 A-5505 M\u00fchlbach Tel. +43 6467 7264 Fax +43 6467 72648 send email UID-Nummer: ATU 68306718photo creditsNadia Jabli Photography Hochk\u00f6nig Tourismus GmbH SalzburgerLand Tourismus, SalzburgerLand Tourismus\/Michael Gro\u0308\u00dfinger Privat Shutterstockconcept, Web design &amp; technical implementationIMPULS Werbeagentur OG Stadtplatz 11 A-5550 Radstadt www.impuls-werbeagentur.at This website was created by IMPULS &#8211; [&hellip;]<\/p>\n","protected":false},"author":1,"featured_media":0,"parent":0,"menu_order":6,"comment_status":"closed","ping_status":"closed","template":"page-noheader.php","meta":{"_acf_changed":false,"footnotes":""},"class_list":["post-1745","page","type-page","status-publish","hentry"],"acf":[],"yoast_head":"<!-- This site is optimized with the Yoast SEO plugin v27.0 - https:\/\/yoast.com\/product\/yoast-seo-wordpress\/ -->\n<title>Terms - Alpengasthof &amp; Hotel Kopph\u00fctte<\/title>\n<meta name=\"robots\" content=\"index, follow, max-snippet:-1, max-image-preview:large, max-video-preview:-1\" \/>\n<link rel=\"canonical\" href=\"https:\/\/www.kopphuette.at\/en\/terms\/\" \/>\n<meta property=\"og:locale\" content=\"en_US\" \/>\n<meta property=\"og:type\" content=\"article\" \/>\n<meta property=\"og:title\" content=\"Terms - Alpengasthof &amp; Hotel Kopph\u00fctte\" \/>\n<meta property=\"og:description\" content=\"TermsWebsite operatorAlpengasthof Kopph\u00fctte The Singer Family M\u00fchlbach 188 A-5505 M\u00fchlbach Tel. +43 6467 7264 Fax +43 6467 72648 send email UID-Nummer: ATU 68306718photo creditsNadia Jabli Photography Hochk\u00f6nig Tourismus GmbH SalzburgerLand Tourismus, SalzburgerLand Tourismus\/Michael Gro\u0308\u00dfinger Privat Shutterstockconcept, Web design &amp; technical implementationIMPULS Werbeagentur OG Stadtplatz 11 A-5550 Radstadt www.impuls-werbeagentur.at This website was created by IMPULS - [&hellip;]\" \/>\n<meta property=\"og:url\" content=\"https:\/\/www.kopphuette.at\/en\/terms\/\" \/>\n<meta property=\"og:site_name\" content=\"Alpengasthof &amp; Hotel Kopph\u00fctte\" \/>\n<meta property=\"article:modified_time\" content=\"2024-10-07T13:29:21+00:00\" \/>\n<meta property=\"og:image\" content=\"https:\/\/www.kopphuette.at\/wp-content\/uploads\/alpengasthof-hotel-muehlbach-hochkoenig-kopphuette-1.jpg\" \/>\n\t<meta property=\"og:image:width\" content=\"1920\" \/>\n\t<meta property=\"og:image:height\" content=\"1250\" \/>\n\t<meta property=\"og:image:type\" content=\"image\/jpeg\" \/>\n<meta name=\"twitter:card\" content=\"summary_large_image\" \/>\n<meta name=\"twitter:label1\" content=\"Est. reading time\" \/>\n\t<meta name=\"twitter:data1\" content=\"4 minutes\" \/>\n<script type=\"application\/ld+json\" class=\"yoast-schema-graph\">{\"@context\":\"https:\/\/schema.org\",\"@graph\":[{\"@type\":\"WebPage\",\"@id\":\"https:\/\/www.kopphuette.at\/en\/terms\/\",\"url\":\"https:\/\/www.kopphuette.at\/en\/terms\/\",\"name\":\"Terms - Alpengasthof &amp; Hotel Kopph\u00fctte\",\"isPartOf\":{\"@id\":\"https:\/\/www.kopphuette.at\/en\/#website\"},\"datePublished\":\"2018-09-26T14:25:50+00:00\",\"dateModified\":\"2024-10-07T13:29:21+00:00\",\"breadcrumb\":{\"@id\":\"https:\/\/www.kopphuette.at\/en\/terms\/#breadcrumb\"},\"inLanguage\":\"en-US\",\"potentialAction\":[{\"@type\":\"ReadAction\",\"target\":[\"https:\/\/www.kopphuette.at\/en\/terms\/\"]}]},{\"@type\":\"BreadcrumbList\",\"@id\":\"https:\/\/www.kopphuette.at\/en\/terms\/#breadcrumb\",\"itemListElement\":[{\"@type\":\"ListItem\",\"position\":1,\"name\":\"Startseite\",\"item\":\"https:\/\/www.kopphuette.at\/en\/\"},{\"@type\":\"ListItem\",\"position\":2,\"name\":\"Terms\"}]},{\"@type\":\"WebSite\",\"@id\":\"https:\/\/www.kopphuette.at\/en\/#website\",\"url\":\"https:\/\/www.kopphuette.at\/en\/\",\"name\":\"Alpengasthof &amp; Hotel Kopph\u00fctte\",\"description\":\"Zimmer in M\u00fchlbach am Hochk\u00f6nig\",\"potentialAction\":[{\"@type\":\"SearchAction\",\"target\":{\"@type\":\"EntryPoint\",\"urlTemplate\":\"https:\/\/www.kopphuette.at\/en\/?s={search_term_string}\"},\"query-input\":{\"@type\":\"PropertyValueSpecification\",\"valueRequired\":true,\"valueName\":\"search_term_string\"}}],\"inLanguage\":\"en-US\"}]}<\/script>\n<!-- \/ Yoast SEO plugin. -->","yoast_head_json":{"title":"Terms - Alpengasthof &amp; Hotel Kopph\u00fctte","robots":{"index":"index","follow":"follow","max-snippet":"max-snippet:-1","max-image-preview":"max-image-preview:large","max-video-preview":"max-video-preview:-1"},"canonical":"https:\/\/www.kopphuette.at\/en\/terms\/","og_locale":"en_US","og_type":"article","og_title":"Terms - Alpengasthof &amp; Hotel Kopph\u00fctte","og_description":"TermsWebsite operatorAlpengasthof Kopph\u00fctte The Singer Family M\u00fchlbach 188 A-5505 M\u00fchlbach Tel. +43 6467 7264 Fax +43 6467 72648 send email UID-Nummer: ATU 68306718photo creditsNadia Jabli Photography Hochk\u00f6nig Tourismus GmbH SalzburgerLand Tourismus, SalzburgerLand Tourismus\/Michael Gro\u0308\u00dfinger Privat Shutterstockconcept, Web design &amp; technical implementationIMPULS Werbeagentur OG Stadtplatz 11 A-5550 Radstadt www.impuls-werbeagentur.at This website was created by IMPULS - [&hellip;]","og_url":"https:\/\/www.kopphuette.at\/en\/terms\/","og_site_name":"Alpengasthof &amp; Hotel Kopph\u00fctte","article_modified_time":"2024-10-07T13:29:21+00:00","og_image":[{"width":1920,"height":1250,"url":"https:\/\/www.kopphuette.at\/wp-content\/uploads\/alpengasthof-hotel-muehlbach-hochkoenig-kopphuette-1.jpg","type":"image\/jpeg"}],"twitter_card":"summary_large_image","twitter_misc":{"Est. reading time":"4 minutes"},"schema":{"@context":"https:\/\/schema.org","@graph":[{"@type":"WebPage","@id":"https:\/\/www.kopphuette.at\/en\/terms\/","url":"https:\/\/www.kopphuette.at\/en\/terms\/","name":"Terms - Alpengasthof &amp; Hotel Kopph\u00fctte","isPartOf":{"@id":"https:\/\/www.kopphuette.at\/en\/#website"},"datePublished":"2018-09-26T14:25:50+00:00","dateModified":"2024-10-07T13:29:21+00:00","breadcrumb":{"@id":"https:\/\/www.kopphuette.at\/en\/terms\/#breadcrumb"},"inLanguage":"en-US","potentialAction":[{"@type":"ReadAction","target":["https:\/\/www.kopphuette.at\/en\/terms\/"]}]},{"@type":"BreadcrumbList","@id":"https:\/\/www.kopphuette.at\/en\/terms\/#breadcrumb","itemListElement":[{"@type":"ListItem","position":1,"name":"Startseite","item":"https:\/\/www.kopphuette.at\/en\/"},{"@type":"ListItem","position":2,"name":"Terms"}]},{"@type":"WebSite","@id":"https:\/\/www.kopphuette.at\/en\/#website","url":"https:\/\/www.kopphuette.at\/en\/","name":"Alpengasthof &amp; Hotel Kopph\u00fctte","description":"Zimmer in M\u00fchlbach am Hochk\u00f6nig","potentialAction":[{"@type":"SearchAction","target":{"@type":"EntryPoint","urlTemplate":"https:\/\/www.kopphuette.at\/en\/?s={search_term_string}"},"query-input":{"@type":"PropertyValueSpecification","valueRequired":true,"valueName":"search_term_string"}}],"inLanguage":"en-US"}]}},"_links":{"self":[{"href":"https:\/\/www.kopphuette.at\/en\/wp-json\/wp\/v2\/pages\/1745","targetHints":{"allow":["GET"]}}],"collection":[{"href":"https:\/\/www.kopphuette.at\/en\/wp-json\/wp\/v2\/pages"}],"about":[{"href":"https:\/\/www.kopphuette.at\/en\/wp-json\/wp\/v2\/types\/page"}],"author":[{"embeddable":true,"href":"https:\/\/www.kopphuette.at\/en\/wp-json\/wp\/v2\/users\/1"}],"replies":[{"embeddable":true,"href":"https:\/\/www.kopphuette.at\/en\/wp-json\/wp\/v2\/comments?post=1745"}],"version-history":[{"count":0,"href":"https:\/\/www.kopphuette.at\/en\/wp-json\/wp\/v2\/pages\/1745\/revisions"}],"wp:attachment":[{"href":"https:\/\/www.kopphuette.at\/en\/wp-json\/wp\/v2\/media?parent=1745"}],"curies":[{"name":"wp","href":"https:\/\/api.w.org\/{rel}","templated":true}]}}