{"id":1746,"date":"2018-09-26T16:21:34","date_gmt":"2018-09-26T14:21:34","guid":{"rendered":"http:\/\/kopphuette.at.w01a26f7.kasserver.com\/datenschutz\/"},"modified":"2020-02-17T17:00:42","modified_gmt":"2020-02-17T16:00:42","slug":"privacy-policy","status":"publish","type":"page","link":"https:\/\/www.kopphuette.at\/en\/privacy-policy\/","title":{"rendered":"Privacy Policy"},"content":{"rendered":"<div class=\"vce-row-container\"><div class=\"vce-row vce-row--col-gap-30 schmal vce-row-columns--top vce-row-content--top\" id=\"el-09d6bd8e\" data-vce-do-apply=\"all el-09d6bd8e\"><div class=\"vce-row-content\" data-vce-element-content=\"true\"><div class=\"vce-col vce-col--md-auto vce-col--xs-1 vce-col--xs-last vce-col--xs-first vce-col--sm-last vce-col--sm-first vce-col--md-last vce-col--lg-last vce-col--xl-last vce-col--md-first vce-col--lg-first vce-col--xl-first\" id=\"el-408963df\"><div class=\"vce-col-inner\" data-vce-do-apply=\"border margin background  el-408963df\"><div class=\"vce-col-content\" data-vce-element-content=\"true\" data-vce-do-apply=\"padding el-408963df\"><div class=\"vce-text-block\"><div class=\"vce-text-block-wrapper vce\" id=\"el-4ffd36a4\" data-vce-do-apply=\"all el-4ffd36a4\"><h1>Privacy policy<\/h1><\/div><\/div><div class=\"vce-text-block\"><div class=\"vce-text-block-wrapper vce\" id=\"el-3a3423e3\" data-vce-do-apply=\"all el-3a3423e3\"><p>The Singer Family, M\u00fchlbach 188, A-5505 M\u00fchlbach is responsible for the processing of your personal data on this website. We take the protection of your personal data very seriously, treat them confidentially and in compliance with statutory data protection regulations and this data protection declaration. Without your explicit permission, your data will not be disclosed to third parties.<\/p>\n<p>&nbsp;<\/p>\n<p><strong>\u2018Share\u2019 buttons<\/strong><\/p>\n<p>Some pages of this website provide buttons enabling page content to be shared on Social Media platforms such as Facebook, Twitter, Pinterest and Whatsapp. These buttons have been configured ideally in terms of the protection of website visitors\u2019 personal data, since the script programme behind the buttons <strong>does not capture or process any personal data<\/strong>. By clicking the appropriate button, website visitors wishing to share our website are guided directly to the \u2018share\u2019 page of the respective Social Media platform. It is only now that the scripts required to share page content are provided. This interaction is subject to the terms, conditions and data protection agreements between the website and the respective Social Media platform. For precise information, please check the details provided by the platform in question: <a href=\"https:\/\/www.facebook.com\/policy.php\">Facebook<\/a>, <a href=\"https:\/\/help.twitter.com\/de\/rules-and-policies\/twitter-rules\">Twitter<\/a>,&nbsp;<a href=\"https:\/\/policy.pinterest.com\/en\">Pinterest<\/a> etc.<\/p>\n<p>&nbsp;<\/p>\n<p><strong>Cookies<\/strong><\/p>\n<p>This website uses Cookies. Cookies make websites user-friendlier and more efficient. Cookies are small text files used to save information. When the user visits a website, the website may install one or more Cookies. If the user returns to the same website at a later time, the website reads the information provided by the Cookies saved earlier. This can establish whether the user is new or returning to the site, and provide information about the parts of the site the visitor was particularly interested in. For more information about Cookies \u2013 go to <a href=\"https:\/\/en.wikipedia.org\/wiki\/HTTP_cookie\">WIKIPEDIA<\/a>.<\/p>\n<p>&nbsp;<\/p>\n<p><strong>Changing Cookie settings<\/strong><br>Users can change web browser settings to determine how they deal with Cookies, which ones are permitted and which ones are blocked. The location of these settings depends upon the particular web browser. Detailed information on this subject can be found by calling up the \u2018Help\u2019 functions of the web browser in question. Restricting the use of Cookies may, under certain circumstances, mean that the complete functionality of this website can no longer be guaranteed.<\/p>\n<p>&nbsp;<\/p>\n<p><strong>Cookies on our website<\/strong><br>This website offers the following providers:<br>Google Adwords<br>Matomo<\/p>\n<p>&nbsp;<\/p>\n<p><strong>Your rights<\/strong><\/p>\n<p>You are entitled to demand status information, to correct, delete or limit the processing of your personal data. Provided the processing of your personal data is based on your consent or an agreement which has been concluded with you, you also have the right to data portability.&nbsp; You have the right to revoke any permission you may have given to process your personal data. The legality of personal data processing conducted prior to revocation shall remain intact. You are entitled to object to the processing of your personal data for direct advertising purposes. If you submit an objection, your personal data will no longer be processed for the purposes of direct advertising. Furthermore, you are entitled to lodge a complaint with the Austrian data protection supervisory body (\u00d6sterreichische Datenschutzbeh\u00f6rde, Barichgasse 40-42, A-1030 Vienna, <a href=\"mailto:dsb@dsb.gv.at\">dsb@dsb.gv.at<\/a>).<\/p><\/div><\/div><\/div><\/div><\/div><\/div><\/div><\/div>\n","protected":false},"excerpt":{"rendered":"<p>Privacy policyThe Singer Family, M\u00fchlbach 188, A-5505 M\u00fchlbach is responsible for the processing of your personal data on this website. We take the protection of your personal data very seriously, treat them confidentially and in compliance with statutory data protection regulations and this data protection declaration. Without your explicit permission, your data will not be [&hellip;]<\/p>\n","protected":false},"author":1,"featured_media":0,"parent":0,"menu_order":6,"comment_status":"closed","ping_status":"closed","template":"page-noheader.php","meta":{"_acf_changed":false,"footnotes":""},"class_list":["post-1746","page","type-page","status-publish","hentry"],"acf":[],"yoast_head":"<!-- This site is optimized with the Yoast SEO plugin v27.0 - https:\/\/yoast.com\/product\/yoast-seo-wordpress\/ -->\n<title>Privacy Policy - Alpengasthof &amp; Hotel Kopph\u00fctte<\/title>\n<meta name=\"robots\" content=\"index, follow, max-snippet:-1, max-image-preview:large, max-video-preview:-1\" \/>\n<link rel=\"canonical\" href=\"https:\/\/www.kopphuette.at\/en\/privacy-policy\/\" \/>\n<meta property=\"og:locale\" content=\"en_US\" \/>\n<meta property=\"og:type\" content=\"article\" \/>\n<meta property=\"og:title\" content=\"Privacy Policy - Alpengasthof &amp; Hotel Kopph\u00fctte\" \/>\n<meta property=\"og:description\" content=\"Privacy policyThe Singer Family, M\u00fchlbach 188, A-5505 M\u00fchlbach is responsible for the processing of your personal data on this website. We take the protection of your personal data very seriously, treat them confidentially and in compliance with statutory data protection regulations and this data protection declaration. Without your explicit permission, your data will not be [&hellip;]\" \/>\n<meta property=\"og:url\" content=\"https:\/\/www.kopphuette.at\/en\/privacy-policy\/\" \/>\n<meta property=\"og:site_name\" content=\"Alpengasthof &amp; Hotel Kopph\u00fctte\" \/>\n<meta property=\"article:modified_time\" content=\"2020-02-17T16:00:42+00:00\" \/>\n<meta property=\"og:image\" content=\"https:\/\/www.kopphuette.at\/wp-content\/uploads\/alpengasthof-hotel-muehlbach-hochkoenig-kopphuette-1.jpg\" \/>\n\t<meta property=\"og:image:width\" content=\"1920\" \/>\n\t<meta property=\"og:image:height\" content=\"1250\" \/>\n\t<meta property=\"og:image:type\" content=\"image\/jpeg\" \/>\n<meta name=\"twitter:card\" content=\"summary_large_image\" \/>\n<meta name=\"twitter:label1\" content=\"Est. reading time\" \/>\n\t<meta name=\"twitter:data1\" content=\"3 minutes\" \/>\n<script type=\"application\/ld+json\" class=\"yoast-schema-graph\">{\"@context\":\"https:\/\/schema.org\",\"@graph\":[{\"@type\":\"WebPage\",\"@id\":\"https:\/\/www.kopphuette.at\/en\/privacy-policy\/\",\"url\":\"https:\/\/www.kopphuette.at\/en\/privacy-policy\/\",\"name\":\"Privacy Policy - Alpengasthof &amp; Hotel Kopph\u00fctte\",\"isPartOf\":{\"@id\":\"https:\/\/www.kopphuette.at\/en\/#website\"},\"datePublished\":\"2018-09-26T14:21:34+00:00\",\"dateModified\":\"2020-02-17T16:00:42+00:00\",\"breadcrumb\":{\"@id\":\"https:\/\/www.kopphuette.at\/en\/privacy-policy\/#breadcrumb\"},\"inLanguage\":\"en-US\",\"potentialAction\":[{\"@type\":\"ReadAction\",\"target\":[\"https:\/\/www.kopphuette.at\/en\/privacy-policy\/\"]}]},{\"@type\":\"BreadcrumbList\",\"@id\":\"https:\/\/www.kopphuette.at\/en\/privacy-policy\/#breadcrumb\",\"itemListElement\":[{\"@type\":\"ListItem\",\"position\":1,\"name\":\"Startseite\",\"item\":\"https:\/\/www.kopphuette.at\/en\/\"},{\"@type\":\"ListItem\",\"position\":2,\"name\":\"Privacy Policy\"}]},{\"@type\":\"WebSite\",\"@id\":\"https:\/\/www.kopphuette.at\/en\/#website\",\"url\":\"https:\/\/www.kopphuette.at\/en\/\",\"name\":\"Alpengasthof &amp; Hotel Kopph\u00fctte\",\"description\":\"Zimmer in M\u00fchlbach am Hochk\u00f6nig\",\"potentialAction\":[{\"@type\":\"SearchAction\",\"target\":{\"@type\":\"EntryPoint\",\"urlTemplate\":\"https:\/\/www.kopphuette.at\/en\/?s={search_term_string}\"},\"query-input\":{\"@type\":\"PropertyValueSpecification\",\"valueRequired\":true,\"valueName\":\"search_term_string\"}}],\"inLanguage\":\"en-US\"}]}<\/script>\n<!-- \/ Yoast SEO plugin. -->","yoast_head_json":{"title":"Privacy Policy - Alpengasthof &amp; Hotel Kopph\u00fctte","robots":{"index":"index","follow":"follow","max-snippet":"max-snippet:-1","max-image-preview":"max-image-preview:large","max-video-preview":"max-video-preview:-1"},"canonical":"https:\/\/www.kopphuette.at\/en\/privacy-policy\/","og_locale":"en_US","og_type":"article","og_title":"Privacy Policy - Alpengasthof &amp; Hotel Kopph\u00fctte","og_description":"Privacy policyThe Singer Family, M\u00fchlbach 188, A-5505 M\u00fchlbach is responsible for the processing of your personal data on this website. We take the protection of your personal data very seriously, treat them confidentially and in compliance with statutory data protection regulations and this data protection declaration. Without your explicit permission, your data will not be [&hellip;]","og_url":"https:\/\/www.kopphuette.at\/en\/privacy-policy\/","og_site_name":"Alpengasthof &amp; Hotel Kopph\u00fctte","article_modified_time":"2020-02-17T16:00:42+00:00","og_image":[{"width":1920,"height":1250,"url":"https:\/\/www.kopphuette.at\/wp-content\/uploads\/alpengasthof-hotel-muehlbach-hochkoenig-kopphuette-1.jpg","type":"image\/jpeg"}],"twitter_card":"summary_large_image","twitter_misc":{"Est. reading time":"3 minutes"},"schema":{"@context":"https:\/\/schema.org","@graph":[{"@type":"WebPage","@id":"https:\/\/www.kopphuette.at\/en\/privacy-policy\/","url":"https:\/\/www.kopphuette.at\/en\/privacy-policy\/","name":"Privacy Policy - Alpengasthof &amp; Hotel Kopph\u00fctte","isPartOf":{"@id":"https:\/\/www.kopphuette.at\/en\/#website"},"datePublished":"2018-09-26T14:21:34+00:00","dateModified":"2020-02-17T16:00:42+00:00","breadcrumb":{"@id":"https:\/\/www.kopphuette.at\/en\/privacy-policy\/#breadcrumb"},"inLanguage":"en-US","potentialAction":[{"@type":"ReadAction","target":["https:\/\/www.kopphuette.at\/en\/privacy-policy\/"]}]},{"@type":"BreadcrumbList","@id":"https:\/\/www.kopphuette.at\/en\/privacy-policy\/#breadcrumb","itemListElement":[{"@type":"ListItem","position":1,"name":"Startseite","item":"https:\/\/www.kopphuette.at\/en\/"},{"@type":"ListItem","position":2,"name":"Privacy Policy"}]},{"@type":"WebSite","@id":"https:\/\/www.kopphuette.at\/en\/#website","url":"https:\/\/www.kopphuette.at\/en\/","name":"Alpengasthof &amp; Hotel Kopph\u00fctte","description":"Zimmer in M\u00fchlbach am Hochk\u00f6nig","potentialAction":[{"@type":"SearchAction","target":{"@type":"EntryPoint","urlTemplate":"https:\/\/www.kopphuette.at\/en\/?s={search_term_string}"},"query-input":{"@type":"PropertyValueSpecification","valueRequired":true,"valueName":"search_term_string"}}],"inLanguage":"en-US"}]}},"_links":{"self":[{"href":"https:\/\/www.kopphuette.at\/en\/wp-json\/wp\/v2\/pages\/1746","targetHints":{"allow":["GET"]}}],"collection":[{"href":"https:\/\/www.kopphuette.at\/en\/wp-json\/wp\/v2\/pages"}],"about":[{"href":"https:\/\/www.kopphuette.at\/en\/wp-json\/wp\/v2\/types\/page"}],"author":[{"embeddable":true,"href":"https:\/\/www.kopphuette.at\/en\/wp-json\/wp\/v2\/users\/1"}],"replies":[{"embeddable":true,"href":"https:\/\/www.kopphuette.at\/en\/wp-json\/wp\/v2\/comments?post=1746"}],"version-history":[{"count":0,"href":"https:\/\/www.kopphuette.at\/en\/wp-json\/wp\/v2\/pages\/1746\/revisions"}],"wp:attachment":[{"href":"https:\/\/www.kopphuette.at\/en\/wp-json\/wp\/v2\/media?parent=1746"}],"curies":[{"name":"wp","href":"https:\/\/api.w.org\/{rel}","templated":true}]}}